{"id":13050,"date":"2023-05-16T10:11:58","date_gmt":"2023-05-16T10:11:58","guid":{"rendered":"http:\/\/clrosquellas.com\/declaracion-de-accesibilidad\/"},"modified":"2023-11-15T08:07:38","modified_gmt":"2023-11-15T08:07:38","slug":"declaracion-de-accesibilidad","status":"publish","type":"page","link":"https:\/\/clrosquellas.com\/es\/declaracion-de-accesibilidad\/","title":{"rendered":"Declaraci\u00f3n de accesibilidad"},"content":{"rendered":"\t\t<div data-elementor-type=\"wp-page\" data-elementor-id=\"13050\" class=\"elementor elementor-13050 elementor-13041\">\n\t\t\t\t\t\t\t\t\t<section class=\"elementor-section elementor-top-section elementor-element elementor-element-ea234f3 elementor-section-boxed elementor-section-height-default elementor-section-height-default\" data-id=\"ea234f3\" data-element_type=\"section\">\n\t\t\t\t\t\t<div class=\"elementor-container elementor-column-gap-default\">\n\t\t\t\t\t<div class=\"elementor-column elementor-col-100 elementor-top-column elementor-element elementor-element-f2f3d1b\" data-id=\"f2f3d1b\" data-element_type=\"column\">\n\t\t\t<div class=\"elementor-widget-wrap elementor-element-populated\">\n\t\t\t\t\t\t\t\t<div class=\"elementor-element elementor-element-9d96eef poket-star-rating--align-center elementor-widget elementor-widget-witr_section_title\" data-id=\"9d96eef\" data-element_type=\"widget\" data-widget_type=\"witr_section_title.default\">\n\t\t\t\t<div class=\"elementor-widget-container\">\n\t\t\t\t\t\t\t\t<!-- title center -->\n\t\t\t\t\t<div class=\"witr_section_title\">\n\t\t\t\t\t\t<div class=\"witr_section_title_inner text-center\">\n\n\t\t\t\t\t\t\t<!-- icon position -->\n\t\t\t\t\t\t\t\t\n\t\t\t\t\t\t\t<!-- end icon position -->\n\t\t\t\t\t\t\t\n\t\t\t\t\t\t\n\t\t\t\t\t\t\t<!-- title top -->\n\t\t\t\t\t\t\t\t\t\t\t\t\t\t\t<h2>Declaraci\u00f3n de accesibilitat<\/h2>\t\t\n\t\t\t\t\t\t\t\n\n\t\t\t\t\t\t\t<!-- icon position -->\n\t\t\t\t\t\t\t\t\n\t\t\t\t\t\t\t<!-- end icon position -->\n\n\n\t\t\t\t\t\t\t\n\t\t\t\t\t\t\t<!-- title middle -->\n\t\t\t\t\t\t\t\t\t\t\t\t\t\t<!-- title bottom -->\n\t\t\t\t\t\t\t\n\t\t\t\t\t\t\t\n\t\t\t\t\t\t\t\n\t\t\t\t\t\t\t\t\t\t\t\t\t\t\n\t\t\t\t\t\t\t<!-- image -->\n\t\t\t\t\t\t\t\t\t\t\t\t\t\t<!-- icon -->\n\t\t\t\t\t\t\t\t\t\t\t\t\t\t\n\t\t\t\t\t\t\t<!-- bar -->\n\t\t\t\t\t\t\t\t\t\t\t\t\t\t<!-- circle bar -->\n\t\t\t\t\t\t\t\t\t\t\t\t\t\t\n\t\t\t\t\t\t\t\t\n\t\t\t\t\t\t\t\n\n\t\t\t\t\t\t\t\n\t\t\t\t\t\t\t<!-- content -->\n\t\t\t\t\t\t\t\t\t\t\t\t\t\t\n\t\t\t\t\t\t<\/div>\n\t\t\t\t\t\t\t<!-- inner title -->\n\t\t\t\t\t\t\t\t\t\t\t\t\t\n\t\t\t\t\t<\/div>\n\n\t\t\t\t\t\t<\/div>\n\t\t\t\t<\/div>\n\t\t\t\t<div class=\"elementor-element elementor-element-7abe54a elementor-widget__width-initial elementor-widget elementor-widget-witr_section_t_widget\" data-id=\"7abe54a\" data-element_type=\"widget\" data-widget_type=\"witr_section_t_widget.default\">\n\t\t\t\t<div class=\"elementor-widget-container\">\n\t\t\t\t\t\t\t\t<!-- text widget center -->\n\t\t\t\t\t<div class=\"witr_text_widget\">\n\t\t\t\t\t\t<div class=\"witr_text_widget_inner\">\n\t\t\t\t\t\t\t<!-- text widget top -->\n\t\t\t\t\t\t\t\t\t\t\t\t\t\n\t\t\t\t\t\t\t<!-- text widget middle -->\n\t\t\t\t\t\t\t\t\t\t\t\t\t\t<!-- text widget bottom -->\n\t\t\t\t\t\t\t\t\t\t\t\t\t\n\t\t\t\t\t\t\t<!-- content -->\n\t\t\t\t\t\t\t\t\t\t\t\t\t\t\t<p><p><b>Serveis d\u2019Internet Javajan SL<\/b><span style=\"font-weight: 400;\">,\u00a0 se ha comprometido a hacer accesibles sus sitios web, de conformidad con el <\/span><a href=\"https:\/\/www.boe.es\/buscar\/act.php?id=BOE-A-2018-12699\"><b>Real Decreto 1112\/2018<\/b><\/a><span style=\"font-weight: 400;\">, de 7 de septiembre, sobre accesibilidad de los sitios web y aplicaciones para dispositivos m\u00f3viles, por la que se traspone al ordenamiento jur\u00eddico espa\u00f1ol la <\/span><a href=\"https:\/\/eur-lex.europa.eu\/legal-content\/ES\/TXT\/?uri=uriserv:OJ.L_.2016.327.01.0001.01.SPA&amp;toc=OJ:L:2016:327:FULL\" target=\"_blank\" rel=\"noopener\"><span style=\"font-weight: 400;\">Directiva (UE) 2016\/2102 del Parlamento Europeo y del Consejo<\/span><\/a><span style=\"font-weight: 400;\">.<\/span><\/p><p><span style=\"font-weight: 400;\">La presente declaraci\u00f3n de accesibilidad se aplica al web <\/span><a href=\"https:\/\/eur-lex.europa.eu\/legal-content\/ES\/TXT\/?uri=uriserv:OJ.L_.2016.327.01.0001.01.SPA&amp;toc=OJ:L:2016:327:FULL\" target=\"_blank\" rel=\"noopener\"><span style=\"font-weight: 400;\">https:\/\/clrosquellas.com\/<\/span><\/a><\/p><p><strong>Situaci\u00f3n de cumplimiento<\/strong><\/p><p><span style=\"font-weight: 400;\">Este sitio web es parcialmente<\/span><b> conforme<\/b><span style=\"font-weight: 400;\"> con el <\/span><a href=\"https:\/\/www.boe.es\/diario_boe\/txt.php?id=BOE-A-2018-12699\"><b>RD 1112\/2018<\/b><\/a><span style=\"font-weight: 400;\"> debido a las excepciones y a la falta de conformidad de los aspectos que se indican a continuaci\u00f3n.<\/span><\/p><p><strong>Contenido no accesible<\/strong><\/p><p><span style=\"font-weight: 400;\">El contenido que se recoge a continuaci\u00f3n no es accesible por lo siguiente:<\/span><\/p><ol><li style=\"font-weight: 400;\" aria-level=\"1\"><b>Falta de conformidad con el RD 1112\/2018<\/b><ul><li style=\"font-weight: 400;\" aria-level=\"2\"><span style=\"font-weight: 400;\">Debido a la automatizaci\u00f3n de algunas de las publicaciones podr\u00edan existir p\u00e1ginas con un incorrecto anidamiento de etiquetas HTML.<\/span><\/li><li style=\"font-weight: 400;\" aria-level=\"2\"><span style=\"font-weight: 400;\">Existen documentos en formato PDF que no cumplen con la normativa.<\/span><\/li><li style=\"font-weight: 400;\" aria-level=\"2\"><span style=\"font-weight: 400;\">Podr\u00edan existir fallos puntuales de edici\u00f3n en alguna p\u00e1gina web.<\/span><\/li><\/ul><\/li><li style=\"font-weight: 400;\" aria-level=\"1\"><b>Carga desproporcionada<\/b><ul><li style=\"font-weight: 400;\" aria-level=\"2\"><span style=\"font-weight: 400;\">No aplica.<\/span><\/li><\/ul><\/li><li style=\"font-weight: 400;\" aria-level=\"1\"><b>Contenido que no entra dentro del \u00e1mbito de la legislaci\u00f3n aplicable<\/b><ul><li style=\"font-weight: 400;\" aria-level=\"2\"><span style=\"font-weight: 400;\">Archivos ofim\u00e1ticos en PDF u otros formatos, as\u00ed como aplicaciones publicadas antes del 20 de septiembre de 2018 que no cumplan en su totalidad todos los requisitos de accesibilidad.<\/span><\/li><li style=\"font-weight: 400;\" aria-level=\"2\"><span style=\"font-weight: 400;\">Contenidos multimedia en directo.<\/span><\/li><li style=\"font-weight: 400;\" aria-level=\"2\"><span style=\"font-weight: 400;\">Contenido multimedia pregrabado publicado antes de la entrada en vigor del Real Decreto.<\/span><\/li><li style=\"font-weight: 400;\" aria-level=\"2\"><span style=\"font-weight: 400;\">Servicios de mapa en l\u00ednea.<\/span><\/li><\/ul><\/li><\/ol><p><strong>Preparaci\u00f3n de la presente declaraci\u00f3n de accesibilidad<\/strong><\/p><p><span style=\"font-weight: 400;\">La presente declaraci\u00f3n fue preparada el 23 de febrero de 2023 y est\u00e1 basada en los Informes de Accesibilidad Web del <\/span><a href=\"https:\/\/administracionelectronica.gob.es\/pae_Home\/pae_Estrategias\/pae_Accesibilidad.html\"><b>Observatorio de Accesibilidad<\/b><\/a><span style=\"font-weight: 400;\">.<\/span><\/p><p><span style=\"font-weight: 400;\">La fecha de la \u00faltima revisi\u00f3n ha sido el 23 de febrero de 2023.<\/span><\/p><p><strong>Observaciones y datos de contacto<\/strong><\/p><p><span style=\"font-weight: 400;\">Puede realizar <\/span><b>comunicaciones<\/b><span style=\"font-weight: 400;\"> sobre requisitos de accesibilidad (art\u00edculo 10.2 del RD 1112\/2018) como por ejemplo:<\/span><\/p><ul><li style=\"font-weight: 400;\" aria-level=\"1\"><span style=\"font-weight: 400;\">informar sobre cualquier posible incumplimiento por parte de este sitio web<\/span><\/li><li style=\"font-weight: 400;\" aria-level=\"1\"><span style=\"font-weight: 400;\">transmitir otras <\/span><b>dificultades de acceso<\/b><span style=\"font-weight: 400;\"> al contenido<\/span><\/li><li style=\"font-weight: 400;\" aria-level=\"1\"><span style=\"font-weight: 400;\">formular cualquier otra <\/span><b>consulta o sugerencia de mejora<\/b><span style=\"font-weight: 400;\"> relativa a la accesibilidad del sitio web <\/span>a trav\u00e9s del correo electr\u00f3nico <a href=\"mailto:info@javajan.com\">info@javajan.com<\/a> indicando en el asunto el nombre de la p\u00e1gina.<\/li><\/ul><p><strong>Contenido opcional<\/strong><\/p><p><span style=\"font-weight: 400;\">Este sitio web:<\/span><\/p><ul><li style=\"font-weight: 400;\" aria-level=\"1\"><span style=\"font-weight: 400;\">Se ha dise\u00f1ado adapt\u00e1ndose a los est\u00e1ndares y normativas vigentes en relaci\u00f3n a la accesibilidad, cumpliendo con los puntos de verificaci\u00f3n de prioridad 2 (AA) definidos en la especificaci\u00f3n de Pautas de Accesibilidad al Contenido en la Web (WCAG 2.1).<\/span><\/li><li style=\"font-weight: 400;\" aria-level=\"1\"><span style=\"font-weight: 400;\">Cumple con los requisitos de la Norma <\/span><a href=\"https:\/\/administracionelectronica.gob.es\/pae_Home\/dam\/jcr:2352eaaf-2ee8-4501-a67b-bb682c6de934\/Norma_UNE-EN_301549.pdf\"><span style=\"font-weight: 400;\">UNE-EN 301549 v1.1.2:2015<\/span><\/a><span style=\"font-weight: 400;\">, considerando las excepciones del Real Decreto 1112\/2018.<\/span><\/li><li style=\"font-weight: 400;\" aria-level=\"1\"><span style=\"font-weight: 400;\">Est\u00e1 dise\u00f1ado para su correcta visualizaci\u00f3n en dispositivos de escritorio, tablet y m\u00f3viles para una resoluci\u00f3n m\u00ednima de <\/span><b>1280x1024<\/b><span style=\"font-weight: 400;\">.<\/span><\/li><li style=\"font-weight: 400;\" aria-level=\"1\"><span style=\"font-weight: 400;\">Se ha realizado utilizando HTML5 como lenguaje de marcado y hojas de estilo CSS 3 para su dise\u00f1o.<\/span><\/li><\/ul><\/p>\t\t\n\t\t\t\t\t\t\t\t\t\t\t\t\t\t\n\t\t\t\t\t\t\t<!--- List content --->\n\t\t\t\t\t\t\t<div class=\"witr_widget_list\">\n\t\t\t\t\t\t\t\t<ul>\t\t\t\t\t\t\t\n\t\t\t\t\t\t\t\t\t\t\t\t\t\t\t\t\t<\/ul>\n\t\t\t\t\t\t\t\t\t\n\t\t\t\t\t\t\t<\/div>\t\t\t\t\t\t\t\n\t\t\t\t\t\t<\/div>\n\t\t\t\t\t<\/div>\n\n\t\t\t\t\t\t<\/div>\n\t\t\t\t<\/div>\n\t\t\t\t\t<\/div>\n\t\t<\/div>\n\t\t\t\t\t\t\t<\/div>\n\t\t<\/section>\n\t\t\t\t\t\t\t<\/div>\n\t\t","protected":false},"excerpt":{"rendered":"<p>Declaraci\u00f3n de accesibilitat Serveis d\u2019Internet Javajan SL,\u00a0 se ha comprometido a hacer accesibles sus sitios web, de conformidad con el Real Decreto 1112\/2018, de 7 de septiembre, sobre accesibilidad de los sitios web y aplicaciones para dispositivos m\u00f3viles, por la que se traspone al ordenamiento jur\u00eddico espa\u00f1ol la Directiva (UE) 2016\/2102 del Parlamento Europeo y [&hellip;]<\/p>\n","protected":false},"author":1,"featured_media":0,"parent":0,"menu_order":0,"comment_status":"closed","ping_status":"closed","template":"","meta":{"footnotes":""},"class_list":["post-13050","page","type-page","status-publish","hentry"],"yoast_head":"<!-- This site is optimized with the Yoast SEO plugin v20.8 - https:\/\/yoast.com\/wordpress\/plugins\/seo\/ -->\n<title>Declaraci\u00f3n de accesibilidad - Comercial Lluis Rosquellas S.L<\/title>\n<meta name=\"robots\" content=\"index, follow, max-snippet:-1, max-image-preview:large, max-video-preview:-1\" \/>\n<link rel=\"canonical\" href=\"https:\/\/clrosquellas.com\/es\/declaracion-de-accesibilidad\/\" \/>\n<meta property=\"og:locale\" content=\"es_ES\" \/>\n<meta property=\"og:type\" content=\"article\" \/>\n<meta property=\"og:title\" content=\"Declaraci\u00f3n de accesibilidad - Comercial Lluis Rosquellas S.L\" \/>\n<meta property=\"og:description\" content=\"Declaraci\u00f3n de accesibilitat Serveis d\u2019Internet Javajan SL,\u00a0 se ha comprometido a hacer accesibles sus sitios web, de conformidad con el Real Decreto 1112\/2018, de 7 de septiembre, sobre accesibilidad de los sitios web y aplicaciones para dispositivos m\u00f3viles, por la que se traspone al ordenamiento jur\u00eddico espa\u00f1ol la Directiva (UE) 2016\/2102 del Parlamento Europeo y [&hellip;]\" \/>\n<meta property=\"og:url\" content=\"https:\/\/clrosquellas.com\/es\/declaracion-de-accesibilidad\/\" \/>\n<meta property=\"og:site_name\" content=\"Comercial Lluis Rosquellas S.L\" \/>\n<meta property=\"article:modified_time\" content=\"2023-11-15T08:07:38+00:00\" \/>\n<meta name=\"twitter:card\" content=\"summary_large_image\" \/>\n<meta name=\"twitter:label1\" content=\"Tiempo de lectura\" \/>\n\t<meta name=\"twitter:data1\" content=\"3 minutos\" \/>\n<script type=\"application\/ld+json\" class=\"yoast-schema-graph\">{\"@context\":\"https:\/\/schema.org\",\"@graph\":[{\"@type\":\"WebPage\",\"@id\":\"https:\/\/clrosquellas.com\/es\/declaracion-de-accesibilidad\/\",\"url\":\"https:\/\/clrosquellas.com\/es\/declaracion-de-accesibilidad\/\",\"name\":\"Declaraci\u00f3n de accesibilidad - Comercial Lluis Rosquellas S.L\",\"isPartOf\":{\"@id\":\"https:\/\/clrosquellas.com\/ca\/#website\"},\"datePublished\":\"2023-05-16T10:11:58+00:00\",\"dateModified\":\"2023-11-15T08:07:38+00:00\",\"breadcrumb\":{\"@id\":\"https:\/\/clrosquellas.com\/es\/declaracion-de-accesibilidad\/#breadcrumb\"},\"inLanguage\":\"es\",\"potentialAction\":[{\"@type\":\"ReadAction\",\"target\":[\"https:\/\/clrosquellas.com\/es\/declaracion-de-accesibilidad\/\"]}]},{\"@type\":\"BreadcrumbList\",\"@id\":\"https:\/\/clrosquellas.com\/es\/declaracion-de-accesibilidad\/#breadcrumb\",\"itemListElement\":[{\"@type\":\"ListItem\",\"position\":1,\"name\":\"Inici\",\"item\":\"https:\/\/clrosquellas.com\/es\/\"},{\"@type\":\"ListItem\",\"position\":2,\"name\":\"Declaraci\u00f3n de accesibilidad\"}]},{\"@type\":\"WebSite\",\"@id\":\"https:\/\/clrosquellas.com\/ca\/#website\",\"url\":\"https:\/\/clrosquellas.com\/ca\/\",\"name\":\"Comercial Lluis Rosquellas S.L\",\"description\":\"\",\"potentialAction\":[{\"@type\":\"SearchAction\",\"target\":{\"@type\":\"EntryPoint\",\"urlTemplate\":\"https:\/\/clrosquellas.com\/ca\/?s={search_term_string}\"},\"query-input\":\"required name=search_term_string\"}],\"inLanguage\":\"es\"}]}<\/script>\n<!-- \/ Yoast SEO plugin. -->","yoast_head_json":{"title":"Declaraci\u00f3n de accesibilidad - Comercial Lluis Rosquellas S.L","robots":{"index":"index","follow":"follow","max-snippet":"max-snippet:-1","max-image-preview":"max-image-preview:large","max-video-preview":"max-video-preview:-1"},"canonical":"https:\/\/clrosquellas.com\/es\/declaracion-de-accesibilidad\/","og_locale":"es_ES","og_type":"article","og_title":"Declaraci\u00f3n de accesibilidad - Comercial Lluis Rosquellas S.L","og_description":"Declaraci\u00f3n de accesibilitat Serveis d\u2019Internet Javajan SL,\u00a0 se ha comprometido a hacer accesibles sus sitios web, de conformidad con el Real Decreto 1112\/2018, de 7 de septiembre, sobre accesibilidad de los sitios web y aplicaciones para dispositivos m\u00f3viles, por la que se traspone al ordenamiento jur\u00eddico espa\u00f1ol la Directiva (UE) 2016\/2102 del Parlamento Europeo y [&hellip;]","og_url":"https:\/\/clrosquellas.com\/es\/declaracion-de-accesibilidad\/","og_site_name":"Comercial Lluis Rosquellas S.L","article_modified_time":"2023-11-15T08:07:38+00:00","twitter_card":"summary_large_image","twitter_misc":{"Tiempo de lectura":"3 minutos"},"schema":{"@context":"https:\/\/schema.org","@graph":[{"@type":"WebPage","@id":"https:\/\/clrosquellas.com\/es\/declaracion-de-accesibilidad\/","url":"https:\/\/clrosquellas.com\/es\/declaracion-de-accesibilidad\/","name":"Declaraci\u00f3n de accesibilidad - Comercial Lluis Rosquellas S.L","isPartOf":{"@id":"https:\/\/clrosquellas.com\/ca\/#website"},"datePublished":"2023-05-16T10:11:58+00:00","dateModified":"2023-11-15T08:07:38+00:00","breadcrumb":{"@id":"https:\/\/clrosquellas.com\/es\/declaracion-de-accesibilidad\/#breadcrumb"},"inLanguage":"es","potentialAction":[{"@type":"ReadAction","target":["https:\/\/clrosquellas.com\/es\/declaracion-de-accesibilidad\/"]}]},{"@type":"BreadcrumbList","@id":"https:\/\/clrosquellas.com\/es\/declaracion-de-accesibilidad\/#breadcrumb","itemListElement":[{"@type":"ListItem","position":1,"name":"Inici","item":"https:\/\/clrosquellas.com\/es\/"},{"@type":"ListItem","position":2,"name":"Declaraci\u00f3n de accesibilidad"}]},{"@type":"WebSite","@id":"https:\/\/clrosquellas.com\/ca\/#website","url":"https:\/\/clrosquellas.com\/ca\/","name":"Comercial Lluis Rosquellas S.L","description":"","potentialAction":[{"@type":"SearchAction","target":{"@type":"EntryPoint","urlTemplate":"https:\/\/clrosquellas.com\/ca\/?s={search_term_string}"},"query-input":"required name=search_term_string"}],"inLanguage":"es"}]}},"_links":{"self":[{"href":"https:\/\/clrosquellas.com\/es\/wp-json\/wp\/v2\/pages\/13050","targetHints":{"allow":["GET"]}}],"collection":[{"href":"https:\/\/clrosquellas.com\/es\/wp-json\/wp\/v2\/pages"}],"about":[{"href":"https:\/\/clrosquellas.com\/es\/wp-json\/wp\/v2\/types\/page"}],"author":[{"embeddable":true,"href":"https:\/\/clrosquellas.com\/es\/wp-json\/wp\/v2\/users\/1"}],"replies":[{"embeddable":true,"href":"https:\/\/clrosquellas.com\/es\/wp-json\/wp\/v2\/comments?post=13050"}],"version-history":[{"count":26,"href":"https:\/\/clrosquellas.com\/es\/wp-json\/wp\/v2\/pages\/13050\/revisions"}],"predecessor-version":[{"id":14922,"href":"https:\/\/clrosquellas.com\/es\/wp-json\/wp\/v2\/pages\/13050\/revisions\/14922"}],"wp:attachment":[{"href":"https:\/\/clrosquellas.com\/es\/wp-json\/wp\/v2\/media?parent=13050"}],"curies":[{"name":"wp","href":"https:\/\/api.w.org\/{rel}","templated":true}]}}