{"id":12967,"date":"2023-05-10T07:30:52","date_gmt":"2023-05-10T07:30:52","guid":{"rendered":"http:\/\/clrosquellas.com\/inicio\/lotes-de-navidad\/"},"modified":"2025-11-01T10:49:13","modified_gmt":"2025-11-01T10:49:13","slug":"lotes-de-navidad","status":"publish","type":"page","link":"https:\/\/clrosquellas.com\/es\/lotes-de-navidad\/","title":{"rendered":"Lotes de navidad"},"content":{"rendered":"\t\t<div data-elementor-type=\"wp-page\" data-elementor-id=\"12967\" class=\"elementor elementor-12967 elementor-12588\">\n\t\t\t\t\t\t\t\t\t<section class=\"elementor-section elementor-top-section elementor-element elementor-element-525631a elementor-section-full_width elementor-section-height-default elementor-section-height-default\" data-id=\"525631a\" data-element_type=\"section\">\n\t\t\t\t\t\t<div class=\"elementor-container elementor-column-gap-default\">\n\t\t\t\t\t<div class=\"elementor-column elementor-col-100 elementor-top-column elementor-element elementor-element-42fec34\" data-id=\"42fec34\" data-element_type=\"column\">\n\t\t\t<div class=\"elementor-widget-wrap elementor-element-populated\">\n\t\t\t\t\t\t\t\t<div class=\"elementor-element elementor-element-a3e5fd3 elementor-widget elementor-widget-image\" data-id=\"a3e5fd3\" data-element_type=\"widget\" data-widget_type=\"image.default\">\n\t\t\t\t<div class=\"elementor-widget-container\">\n\t\t\t<style>\/*! elementor - v3.13.2 - 11-05-2023 *\/\n.elementor-widget-image{text-align:center}.elementor-widget-image a{display:inline-block}.elementor-widget-image a img[src$=\".svg\"]{width:48px}.elementor-widget-image img{vertical-align:middle;display:inline-block}<\/style>\t\t\t\t\t\t\t\t\t\t\t\t<img loading=\"lazy\" decoding=\"async\" width=\"1024\" height=\"441\" src=\"https:\/\/clrosquellas.com\/wp-content\/uploads\/2023\/05\/LOTS-NADAL-02-1-1024x441.jpg\" class=\"attachment-large size-large wp-image-13127\" alt=\"\" srcset=\"https:\/\/clrosquellas.com\/wp-content\/uploads\/2023\/05\/LOTS-NADAL-02-1-1024x441.jpg 1024w, https:\/\/clrosquellas.com\/wp-content\/uploads\/2023\/05\/LOTS-NADAL-02-1-300x129.jpg 300w, https:\/\/clrosquellas.com\/wp-content\/uploads\/2023\/05\/LOTS-NADAL-02-1-768x330.jpg 768w, https:\/\/clrosquellas.com\/wp-content\/uploads\/2023\/05\/LOTS-NADAL-02-1-1536x661.jpg 1536w, https:\/\/clrosquellas.com\/wp-content\/uploads\/2023\/05\/LOTS-NADAL-02-1.jpg 1722w\" sizes=\"auto, (max-width: 1024px) 100vw, 1024px\" \/>\t\t\t\t\t\t\t\t\t\t\t\t\t\t\t<\/div>\n\t\t\t\t<\/div>\n\t\t\t\t<div class=\"elementor-element elementor-element-926fc8e elementor-button-danger elementor-align-center elementor-widget elementor-widget-button\" data-id=\"926fc8e\" data-element_type=\"widget\" data-widget_type=\"button.default\">\n\t\t\t\t<div class=\"elementor-widget-container\">\n\t\t\t\t\t<div class=\"elementor-button-wrapper\">\n\t\t\t<a href=\"https:\/\/clrosquellas.com\/wp-content\/uploads\/2024\/07\/CATALEG-CLR-NADAL-2025-web.pdf\" class=\"elementor-button-link elementor-button elementor-size-lg\" role=\"button\">\n\t\t\t\t\t\t<span class=\"elementor-button-content-wrapper\">\n\t\t\t\t\t\t<span class=\"elementor-button-text\">DESCARGA CATALOGO LOTES NAVIDAD 2025<\/span>\n\t\t<\/span>\n\t\t\t\t\t<\/a>\n\t\t<\/div>\n\t\t\t\t<\/div>\n\t\t\t\t<\/div>\n\t\t\t\t<div class=\"elementor-element elementor-element-a2c676c poket-star-rating--align-justify elementor-widget elementor-widget-witr_section_feature\" data-id=\"a2c676c\" data-element_type=\"widget\" data-widget_type=\"witr_section_feature.default\">\n\t\t\t\t<div class=\"elementor-widget-container\">\n\t\t\t\t\t\t<div class=\"sub-item sub-item-8 all_feature_color  text-left \">\n\t\t\t\t<!-- icon -->\n\t\t\t\t\t\t\t\t<!-- custom icon -->\n\t\t\t\t\t\t\t\t\n\t\t\t\t<!-- image -->\n\t\t\t\t\t\t\t\t<!-- title -->\n\t\t\t\t\t\t\t\t<!-- content -->\n\t\t\t\t\t\t\t\t\t<p>En C.L.ROSQUELLAS estamos enfocados a que el regalo de empresa sea algo muy especial. <br><br>\n\nEspecializados sobre todo en empresas y ofreciendo muchas combinaciones de lotes, jamones, hombros, quesos, embutidos, bebidas, productos de navidad...<br><br>\n\nGracias a la experiencia como distribuidores en el exigente mundo de la alimentaci\u00f3n conocemos a la perfecci\u00f3n la calidad de los productos que trabajamos durante todo el a\u00f1o que son los mismos que seleccionamos para su lote.<br><br>\n\nLe asesoramos, personalizamos, uso ayudamos a elegir y a remover y nos adaptamos a sus necesidades para hacer que el lote\/regalo, no s\u00f3lo que impacte, sino que sobre todo guste! <\/p>\t\t\n\t\t\t\t\t\t\t\t<!-- button -->\n\t\t\t\t\t\t\t\t\n\t\t\t<\/div> <!-- sub item -->\t\t\n\t\t\t\t<\/div>\n\t\t\t\t<\/div>\n\t\t\t\t\t<\/div>\n\t\t<\/div>\n\t\t\t\t\t\t\t<\/div>\n\t\t<\/section>\n\t\t\t\t<section class=\"elementor-section elementor-top-section elementor-element elementor-element-1f0c314 elementor-section-boxed elementor-section-height-default elementor-section-height-default\" data-id=\"1f0c314\" data-element_type=\"section\">\n\t\t\t\t\t\t<div class=\"elementor-container elementor-column-gap-default\">\n\t\t\t\t\t<div class=\"elementor-column elementor-col-100 elementor-top-column elementor-element elementor-element-70d1ec8\" data-id=\"70d1ec8\" data-element_type=\"column\">\n\t\t\t<div class=\"elementor-widget-wrap\">\n\t\t\t\t\t\t\t\t\t<\/div>\n\t\t<\/div>\n\t\t\t\t\t\t\t<\/div>\n\t\t<\/section>\n\t\t\t\t<section class=\"elementor-section elementor-top-section elementor-element elementor-element-2f6aa1f elementor-section-boxed elementor-section-height-default elementor-section-height-default\" data-id=\"2f6aa1f\" data-element_type=\"section\">\n\t\t\t\t\t\t<div class=\"elementor-container elementor-column-gap-default\">\n\t\t\t\t\t<div class=\"elementor-column elementor-col-100 elementor-top-column elementor-element elementor-element-c7befb0\" data-id=\"c7befb0\" data-element_type=\"column\">\n\t\t\t<div class=\"elementor-widget-wrap elementor-element-populated\">\n\t\t\t\t\t\t\t\t<div class=\"elementor-element elementor-element-a23ab2b elementor-widget__width-auto elementor-align-center elementor-widget elementor-widget-button\" data-id=\"a23ab2b\" data-element_type=\"widget\" data-widget_type=\"button.default\">\n\t\t\t\t<div class=\"elementor-widget-container\">\n\t\t\t\t\t<div class=\"elementor-button-wrapper\">\n\t\t\t<a href=\"https:\/\/clrosquellas.com\/es\/contacto\/\" class=\"elementor-button-link elementor-button elementor-size-lg\" role=\"button\">\n\t\t\t\t\t\t<span class=\"elementor-button-content-wrapper\">\n\t\t\t\t\t\t<span class=\"elementor-button-text\">Cont\u00e1ctanos<\/span>\n\t\t<\/span>\n\t\t\t\t\t<\/a>\n\t\t<\/div>\n\t\t\t\t<\/div>\n\t\t\t\t<\/div>\n\t\t\t\t\t<\/div>\n\t\t<\/div>\n\t\t\t\t\t\t\t<\/div>\n\t\t<\/section>\n\t\t\t\t\t\t\t<\/div>\n\t\t","protected":false},"excerpt":{"rendered":"<p>DESCARGA CATALOGO LOTES NAVIDAD 2025 En C.L.ROSQUELLAS estamos enfocados a que el regalo de empresa sea algo muy especial. Especializados sobre todo en empresas y ofreciendo muchas combinaciones de lotes, jamones, hombros, quesos, embutidos, bebidas, productos de navidad&#8230; Gracias a la experiencia como distribuidores en el exigente mundo de la alimentaci\u00f3n conocemos a la perfecci\u00f3n [&hellip;]<\/p>\n","protected":false},"author":1,"featured_media":0,"parent":0,"menu_order":0,"comment_status":"closed","ping_status":"closed","template":"template-home.php","meta":{"footnotes":""},"class_list":["post-12967","page","type-page","status-publish","hentry"],"yoast_head":"<!-- This site is optimized with the Yoast SEO plugin v20.8 - https:\/\/yoast.com\/wordpress\/plugins\/seo\/ -->\n<title>Lotes y cestas de navidad para empresas<\/title>\n<meta name=\"description\" content=\"Descubre nuestra amplia selecci\u00f3n de lotes y cestas de Navidad especialmente dise\u00f1ados para empresas.\" \/>\n<meta name=\"robots\" content=\"index, follow, max-snippet:-1, max-image-preview:large, max-video-preview:-1\" \/>\n<link rel=\"canonical\" href=\"https:\/\/clrosquellas.com\/ca\/lots-de-nadal\/\" \/>\n<meta property=\"og:locale\" content=\"es_ES\" \/>\n<meta property=\"og:type\" content=\"article\" \/>\n<meta property=\"og:title\" content=\"Lotes y cestas de navidad para empresas\" \/>\n<meta property=\"og:description\" content=\"Descubre nuestra amplia selecci\u00f3n de lotes y cestas de Navidad especialmente dise\u00f1ados para empresas.\" \/>\n<meta property=\"og:url\" content=\"https:\/\/clrosquellas.com\/ca\/lots-de-nadal\/\" \/>\n<meta property=\"og:site_name\" content=\"Comercial Lluis Rosquellas S.L\" \/>\n<meta property=\"article:modified_time\" content=\"2025-11-01T10:49:13+00:00\" \/>\n<meta property=\"og:image\" content=\"https:\/\/clrosquellas.com\/wp-content\/uploads\/2023\/05\/LOTS-NADAL-02-1-1024x441.jpg\" \/>\n<meta name=\"twitter:card\" content=\"summary_large_image\" \/>\n<meta name=\"twitter:label1\" content=\"Tiempo de lectura\" \/>\n\t<meta name=\"twitter:data1\" content=\"1 minuto\" \/>\n<script type=\"application\/ld+json\" class=\"yoast-schema-graph\">{\"@context\":\"https:\/\/schema.org\",\"@graph\":[{\"@type\":\"WebPage\",\"@id\":\"https:\/\/clrosquellas.com\/ca\/lots-de-nadal\/\",\"url\":\"https:\/\/clrosquellas.com\/ca\/lots-de-nadal\/\",\"name\":\"Lotes y cestas de navidad para empresas\",\"isPartOf\":{\"@id\":\"https:\/\/clrosquellas.com\/ca\/#website\"},\"datePublished\":\"2023-05-10T07:30:52+00:00\",\"dateModified\":\"2025-11-01T10:49:13+00:00\",\"description\":\"Descubre nuestra amplia selecci\u00f3n de lotes y cestas de Navidad especialmente dise\u00f1ados para empresas.\",\"breadcrumb\":{\"@id\":\"https:\/\/clrosquellas.com\/ca\/lots-de-nadal\/#breadcrumb\"},\"inLanguage\":\"es\",\"potentialAction\":[{\"@type\":\"ReadAction\",\"target\":[\"https:\/\/clrosquellas.com\/ca\/lots-de-nadal\/\"]}]},{\"@type\":\"BreadcrumbList\",\"@id\":\"https:\/\/clrosquellas.com\/ca\/lots-de-nadal\/#breadcrumb\",\"itemListElement\":[{\"@type\":\"ListItem\",\"position\":1,\"name\":\"Inici\",\"item\":\"https:\/\/clrosquellas.com\/es\/\"},{\"@type\":\"ListItem\",\"position\":2,\"name\":\"Lotes de navidad\"}]},{\"@type\":\"WebSite\",\"@id\":\"https:\/\/clrosquellas.com\/ca\/#website\",\"url\":\"https:\/\/clrosquellas.com\/ca\/\",\"name\":\"Comercial Lluis Rosquellas S.L\",\"description\":\"\",\"potentialAction\":[{\"@type\":\"SearchAction\",\"target\":{\"@type\":\"EntryPoint\",\"urlTemplate\":\"https:\/\/clrosquellas.com\/ca\/?s={search_term_string}\"},\"query-input\":\"required name=search_term_string\"}],\"inLanguage\":\"es\"}]}<\/script>\n<!-- \/ Yoast SEO plugin. -->","yoast_head_json":{"title":"Lotes y cestas de navidad para empresas","description":"Descubre nuestra amplia selecci\u00f3n de lotes y cestas de Navidad especialmente dise\u00f1ados para empresas.","robots":{"index":"index","follow":"follow","max-snippet":"max-snippet:-1","max-image-preview":"max-image-preview:large","max-video-preview":"max-video-preview:-1"},"canonical":"https:\/\/clrosquellas.com\/ca\/lots-de-nadal\/","og_locale":"es_ES","og_type":"article","og_title":"Lotes y cestas de navidad para empresas","og_description":"Descubre nuestra amplia selecci\u00f3n de lotes y cestas de Navidad especialmente dise\u00f1ados para empresas.","og_url":"https:\/\/clrosquellas.com\/ca\/lots-de-nadal\/","og_site_name":"Comercial Lluis Rosquellas S.L","article_modified_time":"2025-11-01T10:49:13+00:00","og_image":[{"url":"https:\/\/clrosquellas.com\/wp-content\/uploads\/2023\/05\/LOTS-NADAL-02-1-1024x441.jpg"}],"twitter_card":"summary_large_image","twitter_misc":{"Tiempo de lectura":"1 minuto"},"schema":{"@context":"https:\/\/schema.org","@graph":[{"@type":"WebPage","@id":"https:\/\/clrosquellas.com\/ca\/lots-de-nadal\/","url":"https:\/\/clrosquellas.com\/ca\/lots-de-nadal\/","name":"Lotes y cestas de navidad para empresas","isPartOf":{"@id":"https:\/\/clrosquellas.com\/ca\/#website"},"datePublished":"2023-05-10T07:30:52+00:00","dateModified":"2025-11-01T10:49:13+00:00","description":"Descubre nuestra amplia selecci\u00f3n de lotes y cestas de Navidad especialmente dise\u00f1ados para empresas.","breadcrumb":{"@id":"https:\/\/clrosquellas.com\/ca\/lots-de-nadal\/#breadcrumb"},"inLanguage":"es","potentialAction":[{"@type":"ReadAction","target":["https:\/\/clrosquellas.com\/ca\/lots-de-nadal\/"]}]},{"@type":"BreadcrumbList","@id":"https:\/\/clrosquellas.com\/ca\/lots-de-nadal\/#breadcrumb","itemListElement":[{"@type":"ListItem","position":1,"name":"Inici","item":"https:\/\/clrosquellas.com\/es\/"},{"@type":"ListItem","position":2,"name":"Lotes de navidad"}]},{"@type":"WebSite","@id":"https:\/\/clrosquellas.com\/ca\/#website","url":"https:\/\/clrosquellas.com\/ca\/","name":"Comercial Lluis Rosquellas S.L","description":"","potentialAction":[{"@type":"SearchAction","target":{"@type":"EntryPoint","urlTemplate":"https:\/\/clrosquellas.com\/ca\/?s={search_term_string}"},"query-input":"required name=search_term_string"}],"inLanguage":"es"}]}},"_links":{"self":[{"href":"https:\/\/clrosquellas.com\/es\/wp-json\/wp\/v2\/pages\/12967","targetHints":{"allow":["GET"]}}],"collection":[{"href":"https:\/\/clrosquellas.com\/es\/wp-json\/wp\/v2\/pages"}],"about":[{"href":"https:\/\/clrosquellas.com\/es\/wp-json\/wp\/v2\/types\/page"}],"author":[{"embeddable":true,"href":"https:\/\/clrosquellas.com\/es\/wp-json\/wp\/v2\/users\/1"}],"replies":[{"embeddable":true,"href":"https:\/\/clrosquellas.com\/es\/wp-json\/wp\/v2\/comments?post=12967"}],"version-history":[{"count":102,"href":"https:\/\/clrosquellas.com\/es\/wp-json\/wp\/v2\/pages\/12967\/revisions"}],"predecessor-version":[{"id":15395,"href":"https:\/\/clrosquellas.com\/es\/wp-json\/wp\/v2\/pages\/12967\/revisions\/15395"}],"wp:attachment":[{"href":"https:\/\/clrosquellas.com\/es\/wp-json\/wp\/v2\/media?parent=12967"}],"curies":[{"name":"wp","href":"https:\/\/api.w.org\/{rel}","templated":true}]}}