{"id":12965,"date":"2023-05-09T11:06:53","date_gmt":"2023-05-09T11:06:53","guid":{"rendered":"http:\/\/clrosquellas.com\/inicio\/empresa\/"},"modified":"2023-06-27T08:27:19","modified_gmt":"2023-06-27T08:27:19","slug":"empresa","status":"publish","type":"page","link":"https:\/\/clrosquellas.com\/es\/empresa\/","title":{"rendered":"Empresa"},"content":{"rendered":"\t\t<div data-elementor-type=\"wp-page\" data-elementor-id=\"12965\" class=\"elementor elementor-12965\">\n\t\t\t\t\t\t\t\t\t<section class=\"elementor-section elementor-top-section elementor-element elementor-element-d6d1c32 elementor-section-boxed elementor-section-height-default elementor-section-height-default\" data-id=\"d6d1c32\" data-element_type=\"section\">\n\t\t\t\t\t\t<div class=\"elementor-container elementor-column-gap-default\">\n\t\t\t\t\t<div class=\"elementor-column elementor-col-100 elementor-top-column elementor-element elementor-element-8f8a653\" data-id=\"8f8a653\" data-element_type=\"column\">\n\t\t\t<div class=\"elementor-widget-wrap elementor-element-populated\">\n\t\t\t\t\t\t\t\t<div class=\"elementor-element elementor-element-82b03dc elementor-widget elementor-widget-image\" data-id=\"82b03dc\" data-element_type=\"widget\" data-widget_type=\"image.default\">\n\t\t\t\t<div class=\"elementor-widget-container\">\n\t\t\t<style>\/*! elementor - v3.13.2 - 11-05-2023 *\/\n.elementor-widget-image{text-align:center}.elementor-widget-image a{display:inline-block}.elementor-widget-image a img[src$=\".svg\"]{width:48px}.elementor-widget-image img{vertical-align:middle;display:inline-block}<\/style>\t\t\t\t\t\t\t\t\t\t\t\t<img loading=\"lazy\" decoding=\"async\" width=\"1024\" height=\"461\" src=\"https:\/\/clrosquellas.com\/wp-content\/uploads\/2023\/05\/02-1-1-1024x461.jpg\" class=\"attachment-large size-large wp-image-13119\" alt=\"\" srcset=\"https:\/\/clrosquellas.com\/wp-content\/uploads\/2023\/05\/02-1-1-1024x461.jpg 1024w, https:\/\/clrosquellas.com\/wp-content\/uploads\/2023\/05\/02-1-1-300x135.jpg 300w, https:\/\/clrosquellas.com\/wp-content\/uploads\/2023\/05\/02-1-1-768x346.jpg 768w, https:\/\/clrosquellas.com\/wp-content\/uploads\/2023\/05\/02-1-1-1536x691.jpg 1536w, https:\/\/clrosquellas.com\/wp-content\/uploads\/2023\/05\/02-1-1.jpg 2000w\" sizes=\"auto, (max-width: 1024px) 100vw, 1024px\" \/>\t\t\t\t\t\t\t\t\t\t\t\t\t\t\t<\/div>\n\t\t\t\t<\/div>\n\t\t\t\t<div class=\"elementor-element elementor-element-44cf3ef poket-star-rating--align-center elementor-widget elementor-widget-witr_section_feature\" data-id=\"44cf3ef\" data-element_type=\"widget\" data-widget_type=\"witr_section_feature.default\">\n\t\t\t\t<div class=\"elementor-widget-container\">\n\t\t\t\t\t\t<div class=\"sub-item sub-item-8 all_feature_color  text-left \">\n\t\t\t\t<!-- icon -->\n\t\t\t\t\t\t\t\t<!-- custom icon -->\n\t\t\t\t\t\t\t\t\n\t\t\t\t<!-- image -->\n\t\t\t\t\t\t\t\t<!-- title -->\n\t\t\t\t\t\t\t\t<!-- content -->\n\t\t\t\t\t\t\t\t\t<p>Empresa familiar, l\u00edder en la distribuci\u00f3n de Jamones, quesos y Embutidos, empresa consolidada i moderna, din\u00e1mica y flexible, que nos adaptamos a las necesidades de los clientes. <br><br>\nEl a\u00f1o 1993, Llu\u00eds Rosquellas Maso, con el esp\u00edritu emprendedor que le caracteriza, fund\u00f3 la empresa con una peque\u00f1a c\u00e1mara frigor\u00edfica en los bajos de la casa donde viv\u00eda en el barrio de Santa Anna en Vic. Hoy la empresa continua gracias a su hija Cristian con el mismo empuje con el que su padre un d\u00eda empez\u00f3.<br><br>\nLa empresa comenz\u00f3 su trayectoria con la distribuci\u00f3n de la firma Forlasa, actualmente Lactalis. Al poco tiempo Llu\u00eds se interes\u00f3 por el mundo del jam\u00f3n y empez\u00f3 a secar Jamones. Es en aquella etapa donde la empresa empez\u00f3 a diversificar para poder ofrecer un amplio surtido de producto que los clientes nos solicitaban.<br><br>\nComercial Llu\u00eds Rosquellas es una empresa familiar que, con el paso del tiempo, ha ido evolucionando de la mano de los clientes i que nos han posicionado como una de las empresas l\u00edderes en nuestro sector gracias a ofrecer buen Servicio i calidad especializ\u00e1ndonos en el mundo del jam\u00f3n, quesos y embutidos.<br><br>\nConocemos lo que distribuimos, sabemos lo que hacemos.\n <\/p>\t\t\n\t\t\t\t\t\t\t\t<!-- button -->\n\t\t\t\t\t\t\t\t\n\t\t\t<\/div> <!-- sub item -->\t\t\n\t\t\t\t<\/div>\n\t\t\t\t<\/div>\n\t\t\t\t\t<\/div>\n\t\t<\/div>\n\t\t\t\t\t\t\t<\/div>\n\t\t<\/section>\n\t\t\t\t<section class=\"elementor-section elementor-top-section elementor-element elementor-element-12b1013 elementor-section-boxed elementor-section-height-default elementor-section-height-default\" data-id=\"12b1013\" data-element_type=\"section\">\n\t\t\t\t\t\t<div class=\"elementor-container elementor-column-gap-default\">\n\t\t\t\t\t<div class=\"elementor-column elementor-col-100 elementor-top-column elementor-element elementor-element-05a5459\" data-id=\"05a5459\" data-element_type=\"column\">\n\t\t\t<div class=\"elementor-widget-wrap elementor-element-populated\">\n\t\t\t\t\t\t\t\t<div class=\"elementor-element elementor-element-78f667c elementor-widget elementor-widget-witr_swiper_slider\" data-id=\"78f667c\" data-element_type=\"widget\" data-widget_type=\"witr_swiper_slider.default\">\n\t\t\t\t<div class=\"elementor-widget-container\">\n\t\t\t\t\t\t\t\t<!-- Swiper -->\n\t\t\t<div class=\"witr_swiper_area\">\n\t\t\t\t<div class=\"swiper-container witr_active_id5 \"dir=\"ltr\">\n\t\t\t\t\t<div class=\"swiper-wrapper\" >\n\t\t\t\t\t\t\t\t\n\t\t\t\t\t    <div class=\"swiper-slide d1 t1 m1 witr_swiper_height\"  style=\"background-image:url(http:\/\/clrosquellas.com\/wp-content\/uploads\/2023\/05\/empresa8.jpg);\">\n\t\t\t\t\t\t\t<!-- witr_show_animate -->\n\t\t\t\t\t\t\t\t\t\t\t\t\t\n\t\t\t\t\t\t\n\t\t\t\t\t\t\t<div class=\"witr_sw_text_area text-left\">\n\t\t\t\t\t\t\t\t<div class=\"witr_swiper_content \">\n\t\t\t\t\t\t\t\t\t\t\t\t\t\t\t\t\t\n\t\t\t\t\t\t\t\t\t<!-- title -->\n\t\t\t\t\t\t\t\t\t\t\t\t\t\t\t\t\t\t<!-- title 2 -->\n\t\t\t\t\t\t\t\t\t\t\t\t\t\t\t\t\t\t<!-- title 3 -->\n\t\t\t\t\t\t\t\t\t\t\t\t\t\t\t\t\t\t<!-- content -->\n\t\t\t\t\t\t\t\t\t\t\t\t\t\t\t\t\t\t\t\t\t\t\n\t\t\t\t\t\t\t\t\t<!-- inner title -->\n\t\t\t\t\t\t\t\t\t\t\t\t\t\t\t\t\t\t\n\t\t\t\t\t\t\t\t\t\n\t\t\t\t\t\t\t\t\t\n\t\t\t\t\t\t\t\t\t<!-- btn gradient style -->\n\t\t\t\t\t\t\t\t\t<div class=\"slider_btn\">\n\t\t\t\t\t\t\t\t\t\t<div class=\"witr_btn_style\">\n\t\t\t\t\t\t\t\t\t\t\t<div class=\"witr_btn_sinner\">\n\t\t\t\t\t\t\t\t\t\t\t\t<!-- button -->\n\t\t\t\t\t\t\t\t\t\t\t\t\n\t\t\t\t\t\t\t\t\t\t\t\t<!-- video button 2 -->\n\t\t\t\t\t\t\t\t\t\t\t\t\n\t\t\t\t\t\t\t\t\t\t\t\t<!-- Circle video button Style -->\n\t\t\t\t\t\t\t\t\t\t\t\t\t\t\t\t\t\t\t\t\t\t\t\t\n\t\t\t\t\t\t\t\t\t\t\t<\/div>\n\t\t\t\t\t\t\t\t\t\t<\/div>\n\t\t\t\t\t\t\t\t\t<\/div>\n\t\t\t\t\t\t\t\t\t<!-- social -->\n\t\t\t\t\t\t\t\t\t<!-- social -->\n\t\t\t\t\t\t\t\t\t\t\t\t\t\t\t\t\t\t\n\t\t\t\t\t\t\t\t\t\n\t\t\t\t\t\t\t\t\t\n\t\t\t\t\t\t\t\t<\/div>\n\t\t\t\t\t\t\t\t\t\n\t\t\t\t\t\t\t\t<!-- slider thumb image -->\n\t\t\t\t\t\t\t\t\n\t\t\t\t\t\n\t\t\t\t\t\t\t\t<!-- video icon -->\n\t\t\t\t\t\t\t\t\t\t\t\t\t\t\t\t\t\n\t\n\t\t\t\t\t\t\t<\/div>\n\t\t\t\t\t\t\t\n\t\t\t\t\t\t<\/div>\n\t\t\t\t\t  \n\t\t\t\t\t\t\t\t\n\t\t\t\t\t    <div class=\"swiper-slide d1 t1 m1 witr_swiper_height\"  style=\"background-image:url(http:\/\/clrosquellas.com\/wp-content\/uploads\/2023\/05\/empresa6.jpg);\">\n\t\t\t\t\t\t\t<!-- witr_show_animate -->\n\t\t\t\t\t\t\t\t\t\t\t\t\t\n\t\t\t\t\t\t\n\t\t\t\t\t\t\t<div class=\"witr_sw_text_area text-left\">\n\t\t\t\t\t\t\t\t<div class=\"witr_swiper_content \">\n\t\t\t\t\t\t\t\t\t\t\t\t\t\t\t\t\t\n\t\t\t\t\t\t\t\t\t<!-- title -->\n\t\t\t\t\t\t\t\t\t\t\t\t\t\t\t\t\t\t<!-- title 2 -->\n\t\t\t\t\t\t\t\t\t\t\t\t\t\t\t\t\t\t<!-- title 3 -->\n\t\t\t\t\t\t\t\t\t\t\t\t\t\t\t\t\t\t<!-- content -->\n\t\t\t\t\t\t\t\t\t\t\t\t\t\t\t\t\t\t\t\t\t\t\n\t\t\t\t\t\t\t\t\t<!-- inner title -->\n\t\t\t\t\t\t\t\t\t\t\t\t\t\t\t\t\t\t\n\t\t\t\t\t\t\t\t\t\n\t\t\t\t\t\t\t\t\t\n\t\t\t\t\t\t\t\t\t<!-- btn gradient style -->\n\t\t\t\t\t\t\t\t\t<div class=\"slider_btn\">\n\t\t\t\t\t\t\t\t\t\t<div class=\"witr_btn_style\">\n\t\t\t\t\t\t\t\t\t\t\t<div class=\"witr_btn_sinner\">\n\t\t\t\t\t\t\t\t\t\t\t\t<!-- button -->\n\t\t\t\t\t\t\t\t\t\t\t\t\n\t\t\t\t\t\t\t\t\t\t\t\t<!-- video button 2 -->\n\t\t\t\t\t\t\t\t\t\t\t\t\n\t\t\t\t\t\t\t\t\t\t\t\t<!-- Circle video button Style -->\n\t\t\t\t\t\t\t\t\t\t\t\t\t\t\t\t\t\t\t\t\t\t\t\t\n\t\t\t\t\t\t\t\t\t\t\t<\/div>\n\t\t\t\t\t\t\t\t\t\t<\/div>\n\t\t\t\t\t\t\t\t\t<\/div>\n\t\t\t\t\t\t\t\t\t<!-- social -->\n\t\t\t\t\t\t\t\t\t<!-- social -->\n\t\t\t\t\t\t\t\t\t\t\t\t\t\t\t\t\t\t\n\t\t\t\t\t\t\t\t\t\n\t\t\t\t\t\t\t\t\t\n\t\t\t\t\t\t\t\t<\/div>\n\t\t\t\t\t\t\t\t\t\n\t\t\t\t\t\t\t\t<!-- slider thumb image -->\n\t\t\t\t\t\t\t\t\n\t\t\t\t\t\n\t\t\t\t\t\t\t\t<!-- video icon -->\n\t\t\t\t\t\t\t\t\t\t\t\t\t\t\t\t\t\n\t\n\t\t\t\t\t\t\t<\/div>\n\t\t\t\t\t\t\t\n\t\t\t\t\t\t<\/div>\n\t\t\t\t\t  \n\t\t\t\t\t\t\t\t\n\t\t\t\t\t    <div class=\"swiper-slide d1 t1 m1 witr_swiper_height\"  style=\"background-image:url(http:\/\/clrosquellas.com\/wp-content\/uploads\/2023\/05\/empresa4.jpg);\">\n\t\t\t\t\t\t\t<!-- witr_show_animate -->\n\t\t\t\t\t\t\t\t\t\t\t\t\t\n\t\t\t\t\t\t\n\t\t\t\t\t\t\t<div class=\"witr_sw_text_area text-left\">\n\t\t\t\t\t\t\t\t<div class=\"witr_swiper_content \">\n\t\t\t\t\t\t\t\t\t\t\t\t\t\t\t\t\t\n\t\t\t\t\t\t\t\t\t<!-- title -->\n\t\t\t\t\t\t\t\t\t\t\t\t\t\t\t\t\t\t<!-- title 2 -->\n\t\t\t\t\t\t\t\t\t\t\t\t\t\t\t\t\t\t<!-- title 3 -->\n\t\t\t\t\t\t\t\t\t\t\t\t\t\t\t\t\t\t<!-- content -->\n\t\t\t\t\t\t\t\t\t\t\t\t\t\t\t\t\t\t\t\t\t\t\n\t\t\t\t\t\t\t\t\t<!-- inner title -->\n\t\t\t\t\t\t\t\t\t\t\t\t\t\t\t\t\t\t\n\t\t\t\t\t\t\t\t\t\n\t\t\t\t\t\t\t\t\t\n\t\t\t\t\t\t\t\t\t<!-- btn gradient style -->\n\t\t\t\t\t\t\t\t\t<div class=\"slider_btn\">\n\t\t\t\t\t\t\t\t\t\t<div class=\"witr_btn_style\">\n\t\t\t\t\t\t\t\t\t\t\t<div class=\"witr_btn_sinner\">\n\t\t\t\t\t\t\t\t\t\t\t\t<!-- button -->\n\t\t\t\t\t\t\t\t\t\t\t\t\n\t\t\t\t\t\t\t\t\t\t\t\t<!-- video button 2 -->\n\t\t\t\t\t\t\t\t\t\t\t\t\n\t\t\t\t\t\t\t\t\t\t\t\t<!-- Circle video button Style -->\n\t\t\t\t\t\t\t\t\t\t\t\t\t\t\t\t\t\t\t\t\t\t\t\t\n\t\t\t\t\t\t\t\t\t\t\t<\/div>\n\t\t\t\t\t\t\t\t\t\t<\/div>\n\t\t\t\t\t\t\t\t\t<\/div>\n\t\t\t\t\t\t\t\t\t<!-- social -->\n\t\t\t\t\t\t\t\t\t<!-- social -->\n\t\t\t\t\t\t\t\t\t\t\t\t\t\t\t\t\t\t\n\t\t\t\t\t\t\t\t\t\n\t\t\t\t\t\t\t\t\t\n\t\t\t\t\t\t\t\t<\/div>\n\t\t\t\t\t\t\t\t\t\n\t\t\t\t\t\t\t\t<!-- slider thumb image -->\n\t\t\t\t\t\t\t\t\n\t\t\t\t\t\n\t\t\t\t\t\t\t\t<!-- video icon -->\n\t\t\t\t\t\t\t\t\t\t\t\t\t\t\t\t\t\n\t\n\t\t\t\t\t\t\t<\/div>\n\t\t\t\t\t\t\t\n\t\t\t\t\t\t<\/div>\n\t\t\t\t\t  \n\t\t\t\t\t\t\t\t\n\t\t\t\t\t    <div class=\"swiper-slide d1 t1 m1 witr_swiper_height\"  style=\"background-image:url(http:\/\/clrosquellas.com\/wp-content\/uploads\/2023\/05\/empresa3.jpg);\">\n\t\t\t\t\t\t\t<!-- witr_show_animate -->\n\t\t\t\t\t\t\t\t\t\t\t\t\t\n\t\t\t\t\t\t\n\t\t\t\t\t\t\t<div class=\"witr_sw_text_area text-left\">\n\t\t\t\t\t\t\t\t<div class=\"witr_swiper_content \">\n\t\t\t\t\t\t\t\t\t\t\t\t\t\t\t\t\t\n\t\t\t\t\t\t\t\t\t<!-- title -->\n\t\t\t\t\t\t\t\t\t\t\t\t\t\t\t\t\t\t<!-- title 2 -->\n\t\t\t\t\t\t\t\t\t\t\t\t\t\t\t\t\t\t<!-- title 3 -->\n\t\t\t\t\t\t\t\t\t\t\t\t\t\t\t\t\t\t<!-- content -->\n\t\t\t\t\t\t\t\t\t\t\t\t\t\t\t\t\t\t\t\t\t\t\n\t\t\t\t\t\t\t\t\t<!-- inner title -->\n\t\t\t\t\t\t\t\t\t\t\t\t\t\t\t\t\t\t\n\t\t\t\t\t\t\t\t\t\n\t\t\t\t\t\t\t\t\t\n\t\t\t\t\t\t\t\t\t<!-- btn gradient style -->\n\t\t\t\t\t\t\t\t\t<div class=\"slider_btn\">\n\t\t\t\t\t\t\t\t\t\t<div class=\"witr_btn_style\">\n\t\t\t\t\t\t\t\t\t\t\t<div class=\"witr_btn_sinner\">\n\t\t\t\t\t\t\t\t\t\t\t\t<!-- button -->\n\t\t\t\t\t\t\t\t\t\t\t\t\n\t\t\t\t\t\t\t\t\t\t\t\t<!-- video button 2 -->\n\t\t\t\t\t\t\t\t\t\t\t\t\n\t\t\t\t\t\t\t\t\t\t\t\t<!-- Circle video button Style -->\n\t\t\t\t\t\t\t\t\t\t\t\t\t\t\t\t\t\t\t\t\t\t\t\t\n\t\t\t\t\t\t\t\t\t\t\t<\/div>\n\t\t\t\t\t\t\t\t\t\t<\/div>\n\t\t\t\t\t\t\t\t\t<\/div>\n\t\t\t\t\t\t\t\t\t<!-- social -->\n\t\t\t\t\t\t\t\t\t<!-- social -->\n\t\t\t\t\t\t\t\t\t\t\t\t\t\t\t\t\t\t\n\t\t\t\t\t\t\t\t\t\n\t\t\t\t\t\t\t\t\t\n\t\t\t\t\t\t\t\t<\/div>\n\t\t\t\t\t\t\t\t\t\n\t\t\t\t\t\t\t\t<!-- slider thumb image -->\n\t\t\t\t\t\t\t\t\n\t\t\t\t\t\n\t\t\t\t\t\t\t\t<!-- video icon -->\n\t\t\t\t\t\t\t\t\t\t\t\t\t\t\t\t\t\n\t\n\t\t\t\t\t\t\t<\/div>\n\t\t\t\t\t\t\t\n\t\t\t\t\t\t<\/div>\n\t\t\t\t\t  \n\t\t\t\t\t\t\t\t\n\t\t\t\t\t    <div class=\"swiper-slide d1 t1 m1 witr_swiper_height\"  style=\"background-image:url(http:\/\/clrosquellas.com\/wp-content\/uploads\/2023\/05\/empresa2.jpg);\">\n\t\t\t\t\t\t\t<!-- witr_show_animate -->\n\t\t\t\t\t\t\t\t\t\t\t\t\t\n\t\t\t\t\t\t\n\t\t\t\t\t\t\t<div class=\"witr_sw_text_area text-left\">\n\t\t\t\t\t\t\t\t<div class=\"witr_swiper_content \">\n\t\t\t\t\t\t\t\t\t\t\t\t\t\t\t\t\t\n\t\t\t\t\t\t\t\t\t<!-- title -->\n\t\t\t\t\t\t\t\t\t\t\t\t\t\t\t\t\t\t<!-- title 2 -->\n\t\t\t\t\t\t\t\t\t\t\t\t\t\t\t\t\t\t<!-- title 3 -->\n\t\t\t\t\t\t\t\t\t\t\t\t\t\t\t\t\t\t<!-- content -->\n\t\t\t\t\t\t\t\t\t\t\t\t\t\t\t\t\t\t\t\t\t\t\n\t\t\t\t\t\t\t\t\t<!-- inner title -->\n\t\t\t\t\t\t\t\t\t\t\t\t\t\t\t\t\t\t\n\t\t\t\t\t\t\t\t\t\n\t\t\t\t\t\t\t\t\t\n\t\t\t\t\t\t\t\t\t<!-- btn gradient style -->\n\t\t\t\t\t\t\t\t\t<div class=\"slider_btn\">\n\t\t\t\t\t\t\t\t\t\t<div class=\"witr_btn_style\">\n\t\t\t\t\t\t\t\t\t\t\t<div class=\"witr_btn_sinner\">\n\t\t\t\t\t\t\t\t\t\t\t\t<!-- button -->\n\t\t\t\t\t\t\t\t\t\t\t\t\n\t\t\t\t\t\t\t\t\t\t\t\t<!-- video button 2 -->\n\t\t\t\t\t\t\t\t\t\t\t\t\n\t\t\t\t\t\t\t\t\t\t\t\t<!-- Circle video button Style -->\n\t\t\t\t\t\t\t\t\t\t\t\t\t\t\t\t\t\t\t\t\t\t\t\t\n\t\t\t\t\t\t\t\t\t\t\t<\/div>\n\t\t\t\t\t\t\t\t\t\t<\/div>\n\t\t\t\t\t\t\t\t\t<\/div>\n\t\t\t\t\t\t\t\t\t<!-- social -->\n\t\t\t\t\t\t\t\t\t<!-- social -->\n\t\t\t\t\t\t\t\t\t\t\t\t\t\t\t\t\t\t\n\t\t\t\t\t\t\t\t\t\n\t\t\t\t\t\t\t\t\t\n\t\t\t\t\t\t\t\t<\/div>\n\t\t\t\t\t\t\t\t\t\n\t\t\t\t\t\t\t\t<!-- slider thumb image -->\n\t\t\t\t\t\t\t\t\n\t\t\t\t\t\n\t\t\t\t\t\t\t\t<!-- video icon -->\n\t\t\t\t\t\t\t\t\t\t\t\t\t\t\t\t\t\n\t\n\t\t\t\t\t\t\t<\/div>\n\t\t\t\t\t\t\t\n\t\t\t\t\t\t<\/div>\n\t\t\t\t\t  \n\t\t\t\t\t\t\t\t\n\t\t\t\t\t    <div class=\"swiper-slide d1 t1 m1 witr_swiper_height\"  style=\"background-image:url(http:\/\/clrosquellas.com\/wp-content\/uploads\/2023\/05\/empresa1.jpg);\">\n\t\t\t\t\t\t\t<!-- witr_show_animate -->\n\t\t\t\t\t\t\t\t\t\t\t\t\t\n\t\t\t\t\t\t\n\t\t\t\t\t\t\t<div class=\"witr_sw_text_area text-left\">\n\t\t\t\t\t\t\t\t<div class=\"witr_swiper_content \">\n\t\t\t\t\t\t\t\t\t\t\t\t\t\t\t\t\t\n\t\t\t\t\t\t\t\t\t<!-- title -->\n\t\t\t\t\t\t\t\t\t\t\t\t\t\t\t\t\t\t<!-- title 2 -->\n\t\t\t\t\t\t\t\t\t\t\t\t\t\t\t\t\t\t<!-- title 3 -->\n\t\t\t\t\t\t\t\t\t\t\t\t\t\t\t\t\t\t<!-- content -->\n\t\t\t\t\t\t\t\t\t\t\t\t\t\t\t\t\t\t\t\t\t\t\n\t\t\t\t\t\t\t\t\t<!-- inner title -->\n\t\t\t\t\t\t\t\t\t\t\t\t\t\t\t\t\t\t\n\t\t\t\t\t\t\t\t\t\n\t\t\t\t\t\t\t\t\t\n\t\t\t\t\t\t\t\t\t<!-- btn gradient style -->\n\t\t\t\t\t\t\t\t\t<div class=\"slider_btn\">\n\t\t\t\t\t\t\t\t\t\t<div class=\"witr_btn_style\">\n\t\t\t\t\t\t\t\t\t\t\t<div class=\"witr_btn_sinner\">\n\t\t\t\t\t\t\t\t\t\t\t\t<!-- button -->\n\t\t\t\t\t\t\t\t\t\t\t\t\n\t\t\t\t\t\t\t\t\t\t\t\t<!-- video button 2 -->\n\t\t\t\t\t\t\t\t\t\t\t\t\n\t\t\t\t\t\t\t\t\t\t\t\t<!-- Circle video button Style -->\n\t\t\t\t\t\t\t\t\t\t\t\t\t\t\t\t\t\t\t\t\t\t\t\t\n\t\t\t\t\t\t\t\t\t\t\t<\/div>\n\t\t\t\t\t\t\t\t\t\t<\/div>\n\t\t\t\t\t\t\t\t\t<\/div>\n\t\t\t\t\t\t\t\t\t<!-- social -->\n\t\t\t\t\t\t\t\t\t<!-- social -->\n\t\t\t\t\t\t\t\t\t\t\t\t\t\t\t\t\t\t\n\t\t\t\t\t\t\t\t\t\n\t\t\t\t\t\t\t\t\t\n\t\t\t\t\t\t\t\t<\/div>\n\t\t\t\t\t\t\t\t\t\n\t\t\t\t\t\t\t\t<!-- slider thumb image -->\n\t\t\t\t\t\t\t\t\n\t\t\t\t\t\n\t\t\t\t\t\t\t\t<!-- video icon -->\n\t\t\t\t\t\t\t\t\t\t\t\t\t\t\t\t\t\n\t\n\t\t\t\t\t\t\t<\/div>\n\t\t\t\t\t\t\t\n\t\t\t\t\t\t<\/div>\n\t\t\t\t\t  \n\t\t\t\t\t\t\t\t\t\t\t\n\t\t\t\t\t<\/div>\n\t\t\t\t\t<!-- Add Pagination -->\n\t\t\t\t\t<div class=\"swiper-scrollbar\"><\/div>\n\t\t\t\t\t<div class=\"swiper-pagination\"><\/div>\n\t\t\t\t\t<div class=\"swiper-button-next \"><\/div>\n\t\t\t\t\t<div class=\"swiper-button-prev\"><\/div>\t\t\t\t\t\n\t\t\t\t<\/div>\n\t\t\t<\/div>\t\t\n\t\t\n\n\t\t\t<script type='text\/javascript'>\n\t\t\t\tjQuery(function($){\n\n\t\t\t\t   new Swiper('.witr_active_id5', {\n\t\t\t\t\t\teffect: 'defult',\n\t\t\t\t\t\tgrabCursor: false,\n\t\t\t\t\t\tspeed: 2000,\n\t\t\t\t\t\tdirection: 'horizontal',\n\t\t\t\t\t\t\t\t\t\t\t\t\tslidesPerView: 1,\n\t\t\t\t\t\t\t\t\t\t\t\t\t\t\t\t\t\t\tspaceBetween: 30,\n\t\t\t\t\t\t\t\t\t\t\t\tfreeMode: false,\n\t\t\t\t\t\tmousewheel: false,\n\t\t\t\t\t\tkeyboard: false,\n\t\t\t\t\t\tloop: false,\n\t\t\t\t\t\t\t\t\t\t\t\tautoplay: {\n\t\t\t\t\t\t\tdelay: 4000,\t\t\t\t\t\t\t\t  \n\t\t\t\t\t\t\tdisableOnInteraction: false,\n\t\t\t\t\t\t},\n\t\t\t\t\t\t  pagination: {\n\t\t\t\t\t\t\tel: '.swiper-pagination',\n\t\t\t\t\t\t\tclickable: true,\n\t\t\t\t\t\t\tfalse: 'progressbar',\n\t\t\t\t\t\t  },\n\t\t\t\t\t\t  navigation: {\n\t\t\t\t\t\t\tnextEl: '.swiper-button-next',\n\t\t\t\t\t\t\tprevEl: '.swiper-button-prev',\n\t\t\t\t\t\t  },\n\t\t\t\t\t\t  scrollbar: {\n\t\t\t\t\t\t\tel: '.scrollbar_false',\n\t\t\t\t\t\t\thide: true,\n\t\t\t\t\t\t  },\t\t\t\t\t  \n\t\t\t\t\t\t  \n \n\t\t\t\t\t\t  \n\t\t\t\t\t});\n\n\t\t\t\t});\t\t\t\t\t\t\n\t\t\t\t\n\t\t\t<\/script>\t\t\t\t\t\t\t\n\t\t\t\t<\/div>\n\t\t\t\t<\/div>\n\t\t\t\t\t<\/div>\n\t\t<\/div>\n\t\t\t\t\t\t\t<\/div>\n\t\t<\/section>\n\t\t\t\t\t\t\t<\/div>\n\t\t","protected":false},"excerpt":{"rendered":"<p>Empresa familiar, l\u00edder en la distribuci\u00f3n de Jamones, quesos y Embutidos, empresa consolidada i moderna, din\u00e1mica y flexible, que nos adaptamos a las necesidades de los clientes. El a\u00f1o 1993, Llu\u00eds Rosquellas Maso, con el esp\u00edritu emprendedor que le caracteriza, fund\u00f3 la empresa con una peque\u00f1a c\u00e1mara frigor\u00edfica en los bajos de la casa donde [&hellip;]<\/p>\n","protected":false},"author":1,"featured_media":0,"parent":0,"menu_order":0,"comment_status":"closed","ping_status":"closed","template":"template-home.php","meta":{"footnotes":""},"class_list":["post-12965","page","type-page","status-publish","hentry"],"yoast_head":"<!-- This site is optimized with the Yoast SEO plugin v20.8 - https:\/\/yoast.com\/wordpress\/plugins\/seo\/ -->\n<title>Distribuidor de carne<\/title>\n<meta name=\"description\" content=\"Distribuidor de carne. Garantizamos productos de alta calidad al mejor precio. Los mejores del mercado\" \/>\n<meta name=\"robots\" content=\"index, follow, max-snippet:-1, max-image-preview:large, max-video-preview:-1\" \/>\n<link rel=\"canonical\" href=\"https:\/\/clrosquellas.com\/es\/empresa\/\" \/>\n<meta property=\"og:locale\" content=\"es_ES\" \/>\n<meta property=\"og:type\" content=\"article\" \/>\n<meta property=\"og:title\" content=\"Distribuidor de carne\" \/>\n<meta property=\"og:description\" content=\"Distribuidor de carne. Garantizamos productos de alta calidad al mejor precio. Los mejores del mercado\" \/>\n<meta property=\"og:url\" content=\"https:\/\/clrosquellas.com\/es\/empresa\/\" \/>\n<meta property=\"og:site_name\" content=\"Comercial Lluis Rosquellas S.L\" \/>\n<meta property=\"article:modified_time\" content=\"2023-06-27T08:27:19+00:00\" \/>\n<meta property=\"og:image\" content=\"http:\/\/clrosquellas.com\/wp-content\/uploads\/2023\/05\/02-1-1-1024x461.jpg\" \/>\n<meta name=\"twitter:card\" content=\"summary_large_image\" \/>\n<meta name=\"twitter:label1\" content=\"Tiempo de lectura\" \/>\n\t<meta name=\"twitter:data1\" content=\"2 minutos\" \/>\n<script type=\"application\/ld+json\" class=\"yoast-schema-graph\">{\"@context\":\"https:\/\/schema.org\",\"@graph\":[{\"@type\":\"WebPage\",\"@id\":\"https:\/\/clrosquellas.com\/es\/empresa\/\",\"url\":\"https:\/\/clrosquellas.com\/es\/empresa\/\",\"name\":\"Distribuidor de carne\",\"isPartOf\":{\"@id\":\"https:\/\/clrosquellas.com\/ca\/#website\"},\"datePublished\":\"2023-05-09T11:06:53+00:00\",\"dateModified\":\"2023-06-27T08:27:19+00:00\",\"description\":\"Distribuidor de carne. Garantizamos productos de alta calidad al mejor precio. Los mejores del mercado\",\"breadcrumb\":{\"@id\":\"https:\/\/clrosquellas.com\/es\/empresa\/#breadcrumb\"},\"inLanguage\":\"es\",\"potentialAction\":[{\"@type\":\"ReadAction\",\"target\":[\"https:\/\/clrosquellas.com\/es\/empresa\/\"]}]},{\"@type\":\"BreadcrumbList\",\"@id\":\"https:\/\/clrosquellas.com\/es\/empresa\/#breadcrumb\",\"itemListElement\":[{\"@type\":\"ListItem\",\"position\":1,\"name\":\"Inici\",\"item\":\"https:\/\/clrosquellas.com\/es\/\"},{\"@type\":\"ListItem\",\"position\":2,\"name\":\"Empresa\"}]},{\"@type\":\"WebSite\",\"@id\":\"https:\/\/clrosquellas.com\/ca\/#website\",\"url\":\"https:\/\/clrosquellas.com\/ca\/\",\"name\":\"Comercial Lluis Rosquellas S.L\",\"description\":\"\",\"potentialAction\":[{\"@type\":\"SearchAction\",\"target\":{\"@type\":\"EntryPoint\",\"urlTemplate\":\"https:\/\/clrosquellas.com\/ca\/?s={search_term_string}\"},\"query-input\":\"required name=search_term_string\"}],\"inLanguage\":\"es\"}]}<\/script>\n<!-- \/ Yoast SEO plugin. -->","yoast_head_json":{"title":"Distribuidor de carne","description":"Distribuidor de carne. Garantizamos productos de alta calidad al mejor precio. Los mejores del mercado","robots":{"index":"index","follow":"follow","max-snippet":"max-snippet:-1","max-image-preview":"max-image-preview:large","max-video-preview":"max-video-preview:-1"},"canonical":"https:\/\/clrosquellas.com\/es\/empresa\/","og_locale":"es_ES","og_type":"article","og_title":"Distribuidor de carne","og_description":"Distribuidor de carne. Garantizamos productos de alta calidad al mejor precio. Los mejores del mercado","og_url":"https:\/\/clrosquellas.com\/es\/empresa\/","og_site_name":"Comercial Lluis Rosquellas S.L","article_modified_time":"2023-06-27T08:27:19+00:00","og_image":[{"url":"http:\/\/clrosquellas.com\/wp-content\/uploads\/2023\/05\/02-1-1-1024x461.jpg"}],"twitter_card":"summary_large_image","twitter_misc":{"Tiempo de lectura":"2 minutos"},"schema":{"@context":"https:\/\/schema.org","@graph":[{"@type":"WebPage","@id":"https:\/\/clrosquellas.com\/es\/empresa\/","url":"https:\/\/clrosquellas.com\/es\/empresa\/","name":"Distribuidor de carne","isPartOf":{"@id":"https:\/\/clrosquellas.com\/ca\/#website"},"datePublished":"2023-05-09T11:06:53+00:00","dateModified":"2023-06-27T08:27:19+00:00","description":"Distribuidor de carne. Garantizamos productos de alta calidad al mejor precio. Los mejores del mercado","breadcrumb":{"@id":"https:\/\/clrosquellas.com\/es\/empresa\/#breadcrumb"},"inLanguage":"es","potentialAction":[{"@type":"ReadAction","target":["https:\/\/clrosquellas.com\/es\/empresa\/"]}]},{"@type":"BreadcrumbList","@id":"https:\/\/clrosquellas.com\/es\/empresa\/#breadcrumb","itemListElement":[{"@type":"ListItem","position":1,"name":"Inici","item":"https:\/\/clrosquellas.com\/es\/"},{"@type":"ListItem","position":2,"name":"Empresa"}]},{"@type":"WebSite","@id":"https:\/\/clrosquellas.com\/ca\/#website","url":"https:\/\/clrosquellas.com\/ca\/","name":"Comercial Lluis Rosquellas S.L","description":"","potentialAction":[{"@type":"SearchAction","target":{"@type":"EntryPoint","urlTemplate":"https:\/\/clrosquellas.com\/ca\/?s={search_term_string}"},"query-input":"required name=search_term_string"}],"inLanguage":"es"}]}},"_links":{"self":[{"href":"https:\/\/clrosquellas.com\/es\/wp-json\/wp\/v2\/pages\/12965","targetHints":{"allow":["GET"]}}],"collection":[{"href":"https:\/\/clrosquellas.com\/es\/wp-json\/wp\/v2\/pages"}],"about":[{"href":"https:\/\/clrosquellas.com\/es\/wp-json\/wp\/v2\/types\/page"}],"author":[{"embeddable":true,"href":"https:\/\/clrosquellas.com\/es\/wp-json\/wp\/v2\/users\/1"}],"replies":[{"embeddable":true,"href":"https:\/\/clrosquellas.com\/es\/wp-json\/wp\/v2\/comments?post=12965"}],"version-history":[{"count":48,"href":"https:\/\/clrosquellas.com\/es\/wp-json\/wp\/v2\/pages\/12965\/revisions"}],"predecessor-version":[{"id":14607,"href":"https:\/\/clrosquellas.com\/es\/wp-json\/wp\/v2\/pages\/12965\/revisions\/14607"}],"wp:attachment":[{"href":"https:\/\/clrosquellas.com\/es\/wp-json\/wp\/v2\/media?parent=12965"}],"curies":[{"name":"wp","href":"https:\/\/api.w.org\/{rel}","templated":true}]}}