{"id":13016,"date":"2023-05-12T09:51:01","date_gmt":"2023-05-12T09:51:01","guid":{"rendered":"http:\/\/clrosquellas.com\/politica-de-privacitat\/"},"modified":"2023-05-23T12:30:28","modified_gmt":"2023-05-23T12:30:28","slug":"politica-de-privacitat","status":"publish","type":"page","link":"https:\/\/clrosquellas.com\/ca\/politica-de-privacitat\/","title":{"rendered":"Pol\u00edtica de privacitat"},"content":{"rendered":"\t\t<div data-elementor-type=\"wp-page\" data-elementor-id=\"13016\" class=\"elementor elementor-13016 elementor-12796\">\n\t\t\t\t\t\t\t\t\t<section class=\"elementor-section elementor-top-section elementor-element elementor-element-ea234f3 elementor-section-boxed elementor-section-height-default elementor-section-height-default\" data-id=\"ea234f3\" data-element_type=\"section\">\n\t\t\t\t\t\t<div class=\"elementor-container elementor-column-gap-default\">\n\t\t\t\t\t<div class=\"elementor-column elementor-col-100 elementor-top-column elementor-element elementor-element-f2f3d1b\" data-id=\"f2f3d1b\" data-element_type=\"column\">\n\t\t\t<div class=\"elementor-widget-wrap elementor-element-populated\">\n\t\t\t\t\t\t\t\t<div class=\"elementor-element elementor-element-7abe54a elementor-widget elementor-widget-witr_section_t_widget\" data-id=\"7abe54a\" data-element_type=\"widget\" data-widget_type=\"witr_section_t_widget.default\">\n\t\t\t\t<div class=\"elementor-widget-container\">\n\t\t\t\t\t\t\t\t<!-- text widget center -->\n\t\t\t\t\t<div class=\"witr_text_widget\">\n\t\t\t\t\t\t<div class=\"witr_text_widget_inner\">\n\t\t\t\t\t\t\t<!-- text widget top -->\n\t\t\t\t\t\t\t\t\t\t\t\t\t\n\t\t\t\t\t\t\t<!-- text widget middle -->\n\t\t\t\t\t\t\t\t\t\t\t\t\t\t<!-- text widget bottom -->\n\t\t\t\t\t\t\t\t\t\t\t\t\t\n\t\t\t\t\t\t\t<!-- content -->\n\t\t\t\t\t\t\t\t\t\t\t\t\t\t\t<p><p><strong>INTRODUCCI\u00d3<\/strong><\/p><p>La seva privacitat \u00e9s important per a nosaltres, aix\u00ed que, mitjan\u00e7ant aquest document, li expliquem quines dades recollim dels usuaris, com els utilitzem i per a qu\u00e8, entre altres indicacions.<\/p><p>Per a la seva informaci\u00f3, mai demanarem m\u00e9s informaci\u00f3 de la que realment necessitarem per als serveis requerits; mai la compartirem amb tercers, excepte per obligaci\u00f3 legal o amb la seva autoritzaci\u00f3 pr\u00e8via; i mai utilitzarem les seves dades per a una altra finalitat no indicada pr\u00e8viament.<\/p><p>Com a usuaris, haur\u00e0 de llegir atentament aquesta Pol\u00edtica de privacitat de manera regular, i sempre que introdueixi les seves dades personals, ja que aquest document pot sofrir modificacions, ja que el prestador pot modificar qualsevol tipus d'informaci\u00f3 que pogu\u00e9s apar\u00e8ixer en la web per a complir amb la normativa o actualitzar la pol\u00edtica, i sense que existeixi l'obligaci\u00f3 de preavisar o posar en coneixement dels usuaris aquestes obligacions, sent suficients la publicaci\u00f3 en el lloc web del prestador.<\/p><p>\u00a0<\/p><p><strong>RESPONSABLE DEL TRACTAMENT:<\/strong><\/p><p>Identitat: <b>Comercial Lluis Rosquellas s.l.<\/b><br \/>NIF: <b>B61683363<\/b><br \/>Adre\u00e7a postal: <b>Carrer Francesc de Borja Moll n.8<\/b><br \/>Correu electr\u00f2nic: <b><a href=\"mailto:info@clrosquellas.com\" target=\"_blank\" rel=\"noopener\">info@clrosquellas.com<\/a><\/b><br \/>Delegat de Protecci\u00f3 de Dades: <b>Comercial Lluis Rosquellas S.L.<\/b><br \/>Contacte *DPD: <b>\u00a0<a href=\"mailto:info@clrosquellas.com\" target=\"_blank\" rel=\"noopener\">info@clrosquellas.com<\/a><\/b><\/p><p>\u00a0<\/p><p><b>Comercial Lluis Rosquellas S.L.<\/b>, com a responsable del lloc web, de conformitat amb el que es disposa en el Reglament (UE) 2016\/679 de 27 d'abril de 2016 (*RGPD) relatiu a la protecci\u00f3 de les persones f\u00edsiques pel que fa al tractament de dades personals ja la lliure circulaci\u00f3 d'aquestes dades i altra normativa vigent en mat\u00e8ria de protecci\u00f3 de dades personals, i per la Llei 34\/2002, d'11 de juliol, de Serveis de la Societat de la Informaci\u00f3 i del Comer\u00e7 Electr\u00f2nic (*LSSICE), l'informa que t\u00e9 implementades les mesures de seguretat necess\u00e0ries, d'\u00edndole t\u00e8cnica i organitzatives, per a garantir i protegir la confidencialitat, integritat i disponibilitat de les dades introdu\u00efdes.<\/p><p>\u00a0<\/p><p><strong>M\u00c8TODE D'OBTENCI\u00d3 DE LES DADES, QUINES DADES RECAPTEM i LA SEVA FINALITAT:<\/strong><\/p><p>Les dades que recollim, la forma en qu\u00e8 els obtenim i la finalitat del tractament \u00e9s la seg\u00fcent:<\/p><p>\u00a0<\/p><p><strong>1. Registre de l'usuari:<\/strong><\/p><p><strong>Dades requerides: <\/strong>nom, cognoms, mail, tel\u00e8fon\u2026<br \/><strong>Finalitat: <\/strong>Per qu\u00e8 es demana registre? Comunicacions comercials, *newsletter, etc.<br \/><strong>Legitimaci\u00f3:<\/strong> consentiment de l'usuari<\/p><p>\u00a0<\/p><p><strong>2. Si compra<\/strong> <strong>(productes que ven l'empresa):<\/strong><\/p><p><strong>Dades requerides: <\/strong>nom i cognoms, email, tel\u00e8fon i informaci\u00f3 sobre una targeta de cr\u00e8dit o de d\u00e8bit.<br \/><strong>Finalitat: <\/strong>reservar pla\u00e7a, comprar producte, llogar servei\u2026<br \/><strong>Legitimaci\u00f3:<\/strong> consentiment de l'usuari<\/p><p>Pot revocar en qualsevol moment el seu consentiment remetent un escrit amb l'assumpte \"Baixa\" en el mail ressenyat.<\/p><p>\u00a0<\/p><p>D'acord amb la LSSICE, <b>Comercial Lluis Rosquellas S.L.<\/b> no realitza pr\u00e0ctiques de SPAM, per tant, no envia correus comercials per e-mail que no hagin estat pr\u00e8viament sol\u00b7licitats o autoritzats per l'Usuari. En conseq\u00fc\u00e8ncia, en totes les comunicacions que rebr\u00e0 del prestador, l'usuari t\u00e9 la possibilitat de cancel\u00b7lar el seu consentiment expr\u00e9s per a rebre les nostres comunicacions.<\/p><p>No tractarem les seves dades personals per a cap altre fi de les descrites, excepte per obligaci\u00f3 legal o requeriment judicial.<\/p><p>No ser\u00e0 objecte de decisions basades en tractaments automatitzats que produeixin efectes sobre les seves dades.<\/p><p>\u00a0<\/p><p><strong>TERMINI DE CONSERVACI\u00d3 DE LES DADES:<\/strong><\/p><p>Les seves dades es conservaran mentre duri la relaci\u00f3 comercial amb nosaltres o exerceix el seu dret de cancel\u00b7laci\u00f3 o oposici\u00f3, o limitaci\u00f3 al tractament. No obstant aix\u00f2, conservarem les seves dades en els terminis legalment previstos en les disposicions aplicables.<\/p><p>\u00a0<\/p><p><strong>DESTINATARIS DE CESSIONS O TRANSFER\u00c8NCIES:<\/strong><\/p><p><b>Comercial Lluis Rosquellas S.L.<\/b> no duu a terme cap cessi\u00f3 o comunicaci\u00f3 de dades ni dins ni fora de la UE. El prestador \u00fanicament facilitar\u00e0 informaci\u00f3 a les forces i cossos de seguretat sota ordre judicial o per obligaci\u00f3 d'una norma legal, sense perjudici de poder bloquejar o cancel\u00b7lar el seu compte si pot haver-hi indicis de la comissi\u00f3 d'algun delicte per part de l'usuari. La informaci\u00f3 facilitada ser\u00e0 sol la que disposi en aquest moment el prestador.<\/p><p>La informaci\u00f3 que ens proporcioni a trav\u00e9s d'aquest lloc web ser\u00e0 allotjada (<strong>hosting i propietat\/gesti\u00f3 del hosting<\/strong>) sent encarregada del tractament i que presta aquest servei de gesti\u00f3 del programari a <b>Comercial Lluis Rosquellas S.L.<\/b>\u00a0. El tractament de les dades de l'entitat es troba regulat mitjan\u00e7ant un contracte d'encarregat del tractament entre el prestador i aquesta empresa.<\/p><p>\u00a0<\/p><p><strong>DRETS DE LES PERSONES INTERESSADES:<\/strong><\/p><p>Com a usuari-interessat, pot sol\u00b7licitar l'exercici dels seg\u00fcents drets davant <b>Comercial Lluis Rosquellas S.L.<\/b>\u00a0presentant un escrit a l'adre\u00e7a postal de l'encap\u00e7alament o enviant un correu electr\u00f2nic a correo@empresa.com, indicant com a Assumpte: \"PROTECCI\u00d3 DE DADES: DRETS DELS AFECTATS\u201d.<\/p><p><strong>Drets:<\/strong><\/p><p>Dret d'acc\u00e9s: permet a l'interessat con\u00e8ixer i obtenir informaci\u00f3 sobre les seves dades de car\u00e0cter personal sotmesos a tractament.<br \/>Dret de rectificaci\u00f3 o supressi\u00f3: permet corregir errors i modificar les dades que resultin ser inexactes o incomplets<br \/>Dret de cancel\u00b7laci\u00f3: permet que se suprimeixin les dades que siguin inadequats o excessius<br \/>Dret d'oposici\u00f3: dret de l'interessat al fet que no es dugui a terme el tractament de les seves dades de car\u00e0cter personal o se cessi en aquest. <br \/>Limitaci\u00f3 del tractament: comporta el marcat de les dades personals conservades, amb la finalitat de limitar el seu futur tractament, per a l'exercici o la defensa de reclamacions.<br \/>Portabilitat de les dades: facilitaci\u00f3 de les dades objecte de tractament a l'interessat, perqu\u00e8 aquest pugui transmetre a un altre responsable, sense impediments.<br \/>Dret a no ser objecte de decisions individuals automatitzades (inclosa l'elaboraci\u00f3 de perfils): dret a no ser objecte d'una decisi\u00f3 basada en el tractament automatitzat que produeixi efectes o afecti significativament<\/p><p>Com a usuari, t\u00e9 dret a retirar el consentiment donat en qualsevol moment. La retirada del consentiment no afectar\u00e0 la licitud del tractament efectuat abans de la retirada del consentiment.<\/p><p>Tamb\u00e9 t\u00e9 dret a presentar una reclamaci\u00f3 davant l'autoritat de control si considera que poden haver-se vist vulnerats els seus drets en relaci\u00f3 amb la protecci\u00f3 de les seves dades (aepd.es).<\/p><p>\u00a0<\/p><p><strong>INFORMACI\u00d3 ADDICIONAL<\/strong><\/p><p>\u00a0<\/p><p><strong>MESURES DE SEGURETAT:<\/strong><br \/>Les dades que ens faciliti es tractaran de manera confidencial. El prestador ha adoptat totes les mesures t\u00e8cniques i organitzatives i tots els nivells de protecci\u00f3 necessaris per a garantir la seguretat en el tractament de les dades i evitar la seva alteraci\u00f3, p\u00e8rdua, robatori, tractament o acc\u00e9s no autoritzat, d'acord amb l'estat de la tecnologia i naturalesa de les dades emmagatzemades. Aix\u00ed mateix, es garanteix tamb\u00e9 que el tractament i registre en fitxers, programes, sistemes o equips, locals i centres compleixen amb els requisits i condicions d'integritat i seguretat establertes en la normativa vigent.<\/p><p>\u00a0<\/p><p><strong>IDIOMA<\/strong><br \/>L'idioma aplicable a aquesta pol\u00edtica de privacitat \u00e9s el castell\u00e0. Per tant, en cas que hi hagu\u00e9s alguna contradicci\u00f3 en alguna de les versions facilitades en altres idiomes, prevaldr\u00e0 la versi\u00f3 en castell\u00e0.<\/p><p>\u00a0<\/p><p><strong>CANVIS EN LA PRESENT POL\u00cdTICA DE PRIVACITAT<\/strong><br \/><b>Comercial Lluis Rosquellas S.L.<\/b> es reserva el dret a modificar la present pol\u00edtica per a adaptar-la a novetats legislatives o jurisprudencials.<\/p><p>\u00a0<\/p><p><strong>REVOCABILITAT<\/strong><br \/>El consentiment prestat, tant pel tractament com per a la cessi\u00f3 de les dades dels interessats, \u00e9s revocable en qualsevol moment, comunicant-lo a <b>Comercial Lluis Rosquellas S.L.<\/b>\u00a0en els termes establerts en aquesta Pol\u00edtica per a l'exercici dels drets. Aquesta revocaci\u00f3 en cap cas tindr\u00e0 car\u00e0cter retroactiu.<\/p><p>\u00a0<\/p><p><strong>LEGISLACI\u00d3<\/strong><br \/>Amb car\u00e0cter general, les relacions entre <b>Comercial Lluis Rosquellas S.L.<\/b>\u00a0amb els Usuaris dels seus serveis telem\u00e0tics, presents en aquesta web, estan sotmesos a la legislaci\u00f3 i jurisdicci\u00f3 espanyola a la qual se sotmeten expressament les parts, sent competents per a la resoluci\u00f3 de tots els conflictes derivats o relacionats amb el seu \u00fas els Jutjats i Tribunals de Barcelona.<\/p><\/p>\t\t\n\t\t\t\t\t\t\t\t\t\t\t\t\t\t\n\t\t\t\t\t\t\t<!--- List content --->\n\t\t\t\t\t\t\t<div class=\"witr_widget_list\">\n\t\t\t\t\t\t\t\t<ul>\t\t\t\t\t\t\t\n\t\t\t\t\t\t\t\t\t\t\t\t\t\t\t\t\t<\/ul>\n\t\t\t\t\t\t\t\t\t\n\t\t\t\t\t\t\t<\/div>\t\t\t\t\t\t\t\n\t\t\t\t\t\t<\/div>\n\t\t\t\t\t<\/div>\n\n\t\t\t\t\t\t<\/div>\n\t\t\t\t<\/div>\n\t\t\t\t\t<\/div>\n\t\t<\/div>\n\t\t\t\t\t\t\t<\/div>\n\t\t<\/section>\n\t\t\t\t\t\t\t<\/div>\n\t\t","protected":false},"excerpt":{"rendered":"<p>INTRODUCCI\u00d3 La seva privacitat \u00e9s important per a nosaltres, aix\u00ed que, mitjan\u00e7ant aquest document, li expliquem quines dades recollim dels usuaris, com els utilitzem i per a qu\u00e8, entre altres indicacions. Per a la seva informaci\u00f3, mai demanarem m\u00e9s informaci\u00f3 de la que realment necessitarem per als serveis requerits; mai la compartirem amb tercers, excepte [&hellip;]<\/p>\n","protected":false},"author":1,"featured_media":0,"parent":0,"menu_order":0,"comment_status":"closed","ping_status":"closed","template":"","meta":{"footnotes":""},"class_list":["post-13016","page","type-page","status-publish","hentry"],"yoast_head":"<!-- This site is optimized with the Yoast SEO plugin v20.8 - https:\/\/yoast.com\/wordpress\/plugins\/seo\/ -->\n<title>Pol\u00edtica de privacitat - Comercial Lluis Rosquellas S.L<\/title>\n<meta name=\"robots\" content=\"index, follow, max-snippet:-1, max-image-preview:large, max-video-preview:-1\" \/>\n<link rel=\"canonical\" href=\"https:\/\/clrosquellas.com\/ca\/politica-de-privacitat\/\" \/>\n<meta property=\"og:locale\" content=\"ca_ES\" \/>\n<meta property=\"og:type\" content=\"article\" \/>\n<meta property=\"og:title\" content=\"Pol\u00edtica de privacitat - Comercial Lluis Rosquellas S.L\" \/>\n<meta property=\"og:description\" content=\"INTRODUCCI\u00d3 La seva privacitat \u00e9s important per a nosaltres, aix\u00ed que, mitjan\u00e7ant aquest document, li expliquem quines dades recollim dels usuaris, com els utilitzem i per a qu\u00e8, entre altres indicacions. Per a la seva informaci\u00f3, mai demanarem m\u00e9s informaci\u00f3 de la que realment necessitarem per als serveis requerits; mai la compartirem amb tercers, excepte [&hellip;]\" \/>\n<meta property=\"og:url\" content=\"https:\/\/clrosquellas.com\/ca\/politica-de-privacitat\/\" \/>\n<meta property=\"og:site_name\" content=\"Comercial Lluis Rosquellas S.L\" \/>\n<meta property=\"article:modified_time\" content=\"2023-05-23T12:30:28+00:00\" \/>\n<meta name=\"twitter:card\" content=\"summary_large_image\" \/>\n<meta name=\"twitter:label1\" content=\"Temps estimat de lectura\" \/>\n\t<meta name=\"twitter:data1\" content=\"6 minuts\" \/>\n<script type=\"application\/ld+json\" class=\"yoast-schema-graph\">{\"@context\":\"https:\/\/schema.org\",\"@graph\":[{\"@type\":\"WebPage\",\"@id\":\"https:\/\/clrosquellas.com\/ca\/politica-de-privacitat\/\",\"url\":\"https:\/\/clrosquellas.com\/ca\/politica-de-privacitat\/\",\"name\":\"Pol\u00edtica de privacitat - Comercial Lluis Rosquellas S.L\",\"isPartOf\":{\"@id\":\"https:\/\/clrosquellas.com\/ca\/#website\"},\"datePublished\":\"2023-05-12T09:51:01+00:00\",\"dateModified\":\"2023-05-23T12:30:28+00:00\",\"breadcrumb\":{\"@id\":\"https:\/\/clrosquellas.com\/ca\/politica-de-privacitat\/#breadcrumb\"},\"inLanguage\":\"ca\",\"potentialAction\":[{\"@type\":\"ReadAction\",\"target\":[\"https:\/\/clrosquellas.com\/ca\/politica-de-privacitat\/\"]}]},{\"@type\":\"BreadcrumbList\",\"@id\":\"https:\/\/clrosquellas.com\/ca\/politica-de-privacitat\/#breadcrumb\",\"itemListElement\":[{\"@type\":\"ListItem\",\"position\":1,\"name\":\"Inici\",\"item\":\"https:\/\/clrosquellas.com\/ca\/\"},{\"@type\":\"ListItem\",\"position\":2,\"name\":\"Pol\u00edtica de privacitat\"}]},{\"@type\":\"WebSite\",\"@id\":\"https:\/\/clrosquellas.com\/ca\/#website\",\"url\":\"https:\/\/clrosquellas.com\/ca\/\",\"name\":\"Comercial Lluis Rosquellas S.L\",\"description\":\"\",\"potentialAction\":[{\"@type\":\"SearchAction\",\"target\":{\"@type\":\"EntryPoint\",\"urlTemplate\":\"https:\/\/clrosquellas.com\/ca\/?s={search_term_string}\"},\"query-input\":\"required name=search_term_string\"}],\"inLanguage\":\"ca\"}]}<\/script>\n<!-- \/ Yoast SEO plugin. -->","yoast_head_json":{"title":"Pol\u00edtica de privacitat - Comercial Lluis Rosquellas S.L","robots":{"index":"index","follow":"follow","max-snippet":"max-snippet:-1","max-image-preview":"max-image-preview:large","max-video-preview":"max-video-preview:-1"},"canonical":"https:\/\/clrosquellas.com\/ca\/politica-de-privacitat\/","og_locale":"ca_ES","og_type":"article","og_title":"Pol\u00edtica de privacitat - Comercial Lluis Rosquellas S.L","og_description":"INTRODUCCI\u00d3 La seva privacitat \u00e9s important per a nosaltres, aix\u00ed que, mitjan\u00e7ant aquest document, li expliquem quines dades recollim dels usuaris, com els utilitzem i per a qu\u00e8, entre altres indicacions. Per a la seva informaci\u00f3, mai demanarem m\u00e9s informaci\u00f3 de la que realment necessitarem per als serveis requerits; mai la compartirem amb tercers, excepte [&hellip;]","og_url":"https:\/\/clrosquellas.com\/ca\/politica-de-privacitat\/","og_site_name":"Comercial Lluis Rosquellas S.L","article_modified_time":"2023-05-23T12:30:28+00:00","twitter_card":"summary_large_image","twitter_misc":{"Temps estimat de lectura":"6 minuts"},"schema":{"@context":"https:\/\/schema.org","@graph":[{"@type":"WebPage","@id":"https:\/\/clrosquellas.com\/ca\/politica-de-privacitat\/","url":"https:\/\/clrosquellas.com\/ca\/politica-de-privacitat\/","name":"Pol\u00edtica de privacitat - Comercial Lluis Rosquellas S.L","isPartOf":{"@id":"https:\/\/clrosquellas.com\/ca\/#website"},"datePublished":"2023-05-12T09:51:01+00:00","dateModified":"2023-05-23T12:30:28+00:00","breadcrumb":{"@id":"https:\/\/clrosquellas.com\/ca\/politica-de-privacitat\/#breadcrumb"},"inLanguage":"ca","potentialAction":[{"@type":"ReadAction","target":["https:\/\/clrosquellas.com\/ca\/politica-de-privacitat\/"]}]},{"@type":"BreadcrumbList","@id":"https:\/\/clrosquellas.com\/ca\/politica-de-privacitat\/#breadcrumb","itemListElement":[{"@type":"ListItem","position":1,"name":"Inici","item":"https:\/\/clrosquellas.com\/ca\/"},{"@type":"ListItem","position":2,"name":"Pol\u00edtica de privacitat"}]},{"@type":"WebSite","@id":"https:\/\/clrosquellas.com\/ca\/#website","url":"https:\/\/clrosquellas.com\/ca\/","name":"Comercial Lluis Rosquellas S.L","description":"","potentialAction":[{"@type":"SearchAction","target":{"@type":"EntryPoint","urlTemplate":"https:\/\/clrosquellas.com\/ca\/?s={search_term_string}"},"query-input":"required name=search_term_string"}],"inLanguage":"ca"}]}},"_links":{"self":[{"href":"https:\/\/clrosquellas.com\/ca\/wp-json\/wp\/v2\/pages\/13016","targetHints":{"allow":["GET"]}}],"collection":[{"href":"https:\/\/clrosquellas.com\/ca\/wp-json\/wp\/v2\/pages"}],"about":[{"href":"https:\/\/clrosquellas.com\/ca\/wp-json\/wp\/v2\/types\/page"}],"author":[{"embeddable":true,"href":"https:\/\/clrosquellas.com\/ca\/wp-json\/wp\/v2\/users\/1"}],"replies":[{"embeddable":true,"href":"https:\/\/clrosquellas.com\/ca\/wp-json\/wp\/v2\/comments?post=13016"}],"version-history":[{"count":21,"href":"https:\/\/clrosquellas.com\/ca\/wp-json\/wp\/v2\/pages\/13016\/revisions"}],"predecessor-version":[{"id":13729,"href":"https:\/\/clrosquellas.com\/ca\/wp-json\/wp\/v2\/pages\/13016\/revisions\/13729"}],"wp:attachment":[{"href":"https:\/\/clrosquellas.com\/ca\/wp-json\/wp\/v2\/media?parent=13016"}],"curies":[{"name":"wp","href":"https:\/\/api.w.org\/{rel}","templated":true}]}}