{"id":12591,"date":"2023-05-10T07:34:26","date_gmt":"2023-05-10T07:34:26","guid":{"rendered":"http:\/\/clrosquellas.com\/?page_id=12591"},"modified":"2023-06-27T06:35:08","modified_gmt":"2023-06-27T06:35:08","slug":"serveis","status":"publish","type":"page","link":"https:\/\/clrosquellas.com\/ca\/serveis\/","title":{"rendered":"Els Nostres Serveis"},"content":{"rendered":"\t\t<div data-elementor-type=\"wp-page\" data-elementor-id=\"12591\" class=\"elementor elementor-12591\">\n\t\t\t\t\t\t\t\t\t<section class=\"elementor-section elementor-top-section elementor-element elementor-element-d11078d elementor-section-boxed elementor-section-height-default elementor-section-height-default\" data-id=\"d11078d\" data-element_type=\"section\" data-settings=\"{&quot;background_background&quot;:&quot;classic&quot;}\">\n\t\t\t\t\t\t<div class=\"elementor-container elementor-column-gap-default\">\n\t\t\t\t\t<div class=\"elementor-column elementor-col-100 elementor-top-column elementor-element elementor-element-574d9f9\" data-id=\"574d9f9\" data-element_type=\"column\">\n\t\t\t<div class=\"elementor-widget-wrap elementor-element-populated\">\n\t\t\t\t\t\t\t\t<div class=\"elementor-element elementor-element-a05f364 poket-star-rating--align-center elementor-widget elementor-widget-witr_section_title\" data-id=\"a05f364\" data-element_type=\"widget\" data-widget_type=\"witr_section_title.default\">\n\t\t\t\t<div class=\"elementor-widget-container\">\n\t\t\t\t\t\t\t\t<!-- title center -->\n\t\t\t\t\t<div class=\"witr_section_title\">\n\t\t\t\t\t\t<div class=\"witr_section_title_inner text-center\">\n\n\t\t\t\t\t\t\t<!-- icon position -->\n\t\t\t\t\t\t\t\t\n\t\t\t\t\t\t\t<!-- end icon position -->\n\t\t\t\t\t\t\t\n\t\t\t\t\t\t\n\t\t\t\t\t\t\t<!-- title top -->\n\t\t\t\t\t\t\t\n\n\t\t\t\t\t\t\t<!-- icon position -->\n\t\t\t\t\t\t\t\t\n\t\t\t\t\t\t\t<!-- end icon position -->\n\n\n\t\t\t\t\t\t\t\n\t\t\t\t\t\t\t<!-- title middle -->\n\t\t\t\t\t\t\t\t\t\t\t\t\t\t\t<h3>\n<\/h3>\t\t\n\t\t\t\t\t\t\t\t\t\t\t\t\t\t<!-- title bottom -->\n\t\t\t\t\t\t\t\n\t\t\t\t\t\t\t\n\t\t\t\t\t\t\t\n\t\t\t\t\t\t\t\t\t\t\t\t\t\t\n\t\t\t\t\t\t\t<!-- image -->\n\t\t\t\t\t\t\t\t\t\t\t\t\t\t<!-- icon -->\n\t\t\t\t\t\t\t\t\t\t\t\t\t\t\n\t\t\t\t\t\t\t<!-- bar -->\n\t\t\t\t\t\t\t\t\t\t\t\t\t\t<!-- circle bar -->\n\t\t\t\t\t\t\t\t\t\t\t\t\t\t\n\t\t\t\t\t\t\t\t\n\t\t\t\t\t\t\t\n\n\t\t\t\t\t\t\t\n\t\t\t\t\t\t\t<!-- content -->\n\t\t\t\t\t\t\t\t\t\t\t\t\t\t\t<p>Som distribu\u00efdors especialitzats en firmes reconegudes i de qualitat en el \u00e0mbit dels pernils, formatges i embotits. <br><br>\nExperts en la distribuci\u00f3 treballem de manera capil\u00b7lar per servir de la forma mes eficient als professionals del canal horeca (hotels, restaurants, cafeteries), carnisseries, xarcuteries, botigues d\u2019alimentaci\u00f3, col\u00b7lectivitats, empreses, supermercats, etc.<br><br>\nTenim una forta implicaci\u00f3 en el m\u00f3n del pernil i ens considerem afinadors del producte controlant la selecci\u00f3 i curaci\u00f3 de pernils i espatlles en origen a casa del fabricant i de manera regular.<br><br>\nA Comercial Lluis Rosquellas disposem d\u2019instal\u00b7lacions modernes amb un ampli magatzem, zona d\u2019oficines, moll de carrega i descarrega, zona de preparaci\u00f3 de comandes, cambres frigor\u00edfiques, cambra d\u2019assecatge de pernils i flota de vehicles propis, tot preparat amb equipaments d\u2019\u00faltima generaci\u00f3 per poder oferir el millor servei. <\/p>\t\t\n\t\t\t\t\t\t\t\t\t\t\t\t\t\t\n\t\t\t\t\t\t<\/div>\n\t\t\t\t\t\t\t<!-- inner title -->\n\t\t\t\t\t\t\t\t\t\t\t\t\t\n\t\t\t\t\t<\/div>\n\n\t\t\t\t\t\t<\/div>\n\t\t\t\t<\/div>\n\t\t\t\t<div class=\"elementor-element elementor-element-f7430d8 elementor-widget elementor-widget-image-gallery\" data-id=\"f7430d8\" data-element_type=\"widget\" data-widget_type=\"image-gallery.default\">\n\t\t\t\t<div class=\"elementor-widget-container\">\n\t\t\t<style>\/*! elementor - v3.13.2 - 11-05-2023 *\/\n.elementor-image-gallery .gallery-item{display:inline-block;text-align:center;vertical-align:top;width:100%;max-width:100%;margin:0 auto}.elementor-image-gallery .gallery-item img{margin:0 auto}.elementor-image-gallery .gallery-item .gallery-caption{margin:0}.elementor-image-gallery figure img{display:block}.elementor-image-gallery figure figcaption{width:100%}.gallery-spacing-custom .elementor-image-gallery .gallery-icon{padding:0}@media (min-width:768px){.elementor-image-gallery .gallery-columns-2 .gallery-item{max-width:50%}.elementor-image-gallery .gallery-columns-3 .gallery-item{max-width:33.33%}.elementor-image-gallery .gallery-columns-4 .gallery-item{max-width:25%}.elementor-image-gallery .gallery-columns-5 .gallery-item{max-width:20%}.elementor-image-gallery .gallery-columns-6 .gallery-item{max-width:16.666%}.elementor-image-gallery .gallery-columns-7 .gallery-item{max-width:14.28%}.elementor-image-gallery .gallery-columns-8 .gallery-item{max-width:12.5%}.elementor-image-gallery .gallery-columns-9 .gallery-item{max-width:11.11%}.elementor-image-gallery .gallery-columns-10 .gallery-item{max-width:10%}}@media (min-width:480px) and (max-width:767px){.elementor-image-gallery .gallery.gallery-columns-2 .gallery-item,.elementor-image-gallery .gallery.gallery-columns-3 .gallery-item,.elementor-image-gallery .gallery.gallery-columns-4 .gallery-item,.elementor-image-gallery .gallery.gallery-columns-5 .gallery-item,.elementor-image-gallery .gallery.gallery-columns-6 .gallery-item,.elementor-image-gallery .gallery.gallery-columns-7 .gallery-item,.elementor-image-gallery .gallery.gallery-columns-8 .gallery-item,.elementor-image-gallery .gallery.gallery-columns-9 .gallery-item,.elementor-image-gallery .gallery.gallery-columns-10 .gallery-item{max-width:50%}}@media (max-width:479px){.elementor-image-gallery .gallery.gallery-columns-2 .gallery-item,.elementor-image-gallery .gallery.gallery-columns-3 .gallery-item,.elementor-image-gallery .gallery.gallery-columns-4 .gallery-item,.elementor-image-gallery .gallery.gallery-columns-5 .gallery-item,.elementor-image-gallery .gallery.gallery-columns-6 .gallery-item,.elementor-image-gallery .gallery.gallery-columns-7 .gallery-item,.elementor-image-gallery .gallery.gallery-columns-8 .gallery-item,.elementor-image-gallery .gallery.gallery-columns-9 .gallery-item,.elementor-image-gallery .gallery.gallery-columns-10 .gallery-item{max-width:100%}}<\/style>\t\t<div class=\"elementor-image-gallery\">\n\t\t\t<div id='gallery-1' class='gallery galleryid-12591 gallery-columns-1 gallery-size-large'><figure class='gallery-item'>\n\t\t\t<div class='gallery-icon landscape'>\n\t\t\t\t<img loading=\"lazy\" decoding=\"async\" width=\"900\" height=\"500\" src=\"https:\/\/clrosquellas.com\/wp-content\/uploads\/2021\/10\/restauracio.jpg\" class=\"attachment-large size-large\" alt=\"\" aria-describedby=\"gallery-1-12538\" srcset=\"https:\/\/clrosquellas.com\/wp-content\/uploads\/2021\/10\/restauracio.jpg 900w, https:\/\/clrosquellas.com\/wp-content\/uploads\/2021\/10\/restauracio-300x167.jpg 300w, https:\/\/clrosquellas.com\/wp-content\/uploads\/2021\/10\/restauracio-768x427.jpg 768w\" sizes=\"auto, (max-width: 900px) 100vw, 900px\" \/>\n\t\t\t<\/div>\n\t\t\t\t<figcaption class='wp-caption-text gallery-caption' id='gallery-1-12538'>\n\t\t\t\tRestauraci\u00f3\n\t\t\t\t<\/figcaption><\/figure><figure class='gallery-item'>\n\t\t\t<div class='gallery-icon landscape'>\n\t\t\t\t<img loading=\"lazy\" decoding=\"async\" width=\"900\" height=\"500\" src=\"https:\/\/clrosquellas.com\/wp-content\/uploads\/2021\/10\/barsicafeteries.jpg\" class=\"attachment-large size-large\" alt=\"\" aria-describedby=\"gallery-1-12532\" srcset=\"https:\/\/clrosquellas.com\/wp-content\/uploads\/2021\/10\/barsicafeteries.jpg 900w, https:\/\/clrosquellas.com\/wp-content\/uploads\/2021\/10\/barsicafeteries-300x167.jpg 300w, https:\/\/clrosquellas.com\/wp-content\/uploads\/2021\/10\/barsicafeteries-768x427.jpg 768w\" sizes=\"auto, (max-width: 900px) 100vw, 900px\" \/>\n\t\t\t<\/div>\n\t\t\t\t<figcaption class='wp-caption-text gallery-caption' id='gallery-1-12532'>\n\t\t\t\tBars i Cafeteries\n\t\t\t\t<\/figcaption><\/figure><figure class='gallery-item'>\n\t\t\t<div class='gallery-icon landscape'>\n\t\t\t\t<img loading=\"lazy\" decoding=\"async\" width=\"900\" height=\"500\" src=\"https:\/\/clrosquellas.com\/wp-content\/uploads\/2021\/10\/hoteles2.jpg\" class=\"attachment-large size-large\" alt=\"\" aria-describedby=\"gallery-1-12534\" srcset=\"https:\/\/clrosquellas.com\/wp-content\/uploads\/2021\/10\/hoteles2.jpg 900w, https:\/\/clrosquellas.com\/wp-content\/uploads\/2021\/10\/hoteles2-300x167.jpg 300w, https:\/\/clrosquellas.com\/wp-content\/uploads\/2021\/10\/hoteles2-768x427.jpg 768w\" sizes=\"auto, (max-width: 900px) 100vw, 900px\" \/>\n\t\t\t<\/div>\n\t\t\t\t<figcaption class='wp-caption-text gallery-caption' id='gallery-1-12534'>\n\t\t\t\tHotels\n\t\t\t\t<\/figcaption><\/figure><figure class='gallery-item'>\n\t\t\t<div class='gallery-icon landscape'>\n\t\t\t\t<img loading=\"lazy\" decoding=\"async\" width=\"900\" height=\"500\" src=\"https:\/\/clrosquellas.com\/wp-content\/uploads\/2021\/10\/pizzeries.jpg\" class=\"attachment-large size-large\" alt=\"\" aria-describedby=\"gallery-1-12537\" srcset=\"https:\/\/clrosquellas.com\/wp-content\/uploads\/2021\/10\/pizzeries.jpg 900w, https:\/\/clrosquellas.com\/wp-content\/uploads\/2021\/10\/pizzeries-300x167.jpg 300w, https:\/\/clrosquellas.com\/wp-content\/uploads\/2021\/10\/pizzeries-768x427.jpg 768w\" sizes=\"auto, (max-width: 900px) 100vw, 900px\" \/>\n\t\t\t<\/div>\n\t\t\t\t<figcaption class='wp-caption-text gallery-caption' id='gallery-1-12537'>\n\t\t\t\tPizzeries\n\t\t\t\t<\/figcaption><\/figure><figure class='gallery-item'>\n\t\t\t<div class='gallery-icon landscape'>\n\t\t\t\t<img loading=\"lazy\" decoding=\"async\" width=\"900\" height=\"500\" src=\"https:\/\/clrosquellas.com\/wp-content\/uploads\/2021\/10\/supermercats.jpg\" class=\"attachment-large size-large\" alt=\"\" aria-describedby=\"gallery-1-12541\" srcset=\"https:\/\/clrosquellas.com\/wp-content\/uploads\/2021\/10\/supermercats.jpg 900w, https:\/\/clrosquellas.com\/wp-content\/uploads\/2021\/10\/supermercats-300x167.jpg 300w, https:\/\/clrosquellas.com\/wp-content\/uploads\/2021\/10\/supermercats-768x427.jpg 768w\" sizes=\"auto, (max-width: 900px) 100vw, 900px\" \/>\n\t\t\t<\/div>\n\t\t\t\t<figcaption class='wp-caption-text gallery-caption' id='gallery-1-12541'>\n\t\t\t\tSupermercats\n\t\t\t\t<\/figcaption><\/figure><figure class='gallery-item'>\n\t\t\t<div class='gallery-icon landscape'>\n\t\t\t\t<img loading=\"lazy\" decoding=\"async\" width=\"900\" height=\"500\" src=\"https:\/\/clrosquellas.com\/wp-content\/uploads\/2021\/10\/xarcuteries.jpg\" class=\"attachment-large size-large\" alt=\"\" aria-describedby=\"gallery-1-12540\" srcset=\"https:\/\/clrosquellas.com\/wp-content\/uploads\/2021\/10\/xarcuteries.jpg 900w, https:\/\/clrosquellas.com\/wp-content\/uploads\/2021\/10\/xarcuteries-300x167.jpg 300w, https:\/\/clrosquellas.com\/wp-content\/uploads\/2021\/10\/xarcuteries-768x427.jpg 768w\" sizes=\"auto, (max-width: 900px) 100vw, 900px\" \/>\n\t\t\t<\/div>\n\t\t\t\t<figcaption class='wp-caption-text gallery-caption' id='gallery-1-12540'>\n\t\t\t\tXarcuteries i carnisseries\n\t\t\t\t<\/figcaption><\/figure><figure class='gallery-item'>\n\t\t\t<div class='gallery-icon landscape'>\n\t\t\t\t<img loading=\"lazy\" decoding=\"async\" width=\"900\" height=\"500\" src=\"https:\/\/clrosquellas.com\/wp-content\/uploads\/2021\/10\/colectivitats.jpg\" class=\"attachment-large size-large\" alt=\"\" aria-describedby=\"gallery-1-12533\" srcset=\"https:\/\/clrosquellas.com\/wp-content\/uploads\/2021\/10\/colectivitats.jpg 900w, https:\/\/clrosquellas.com\/wp-content\/uploads\/2021\/10\/colectivitats-300x167.jpg 300w, https:\/\/clrosquellas.com\/wp-content\/uploads\/2021\/10\/colectivitats-768x427.jpg 768w\" sizes=\"auto, (max-width: 900px) 100vw, 900px\" \/>\n\t\t\t<\/div>\n\t\t\t\t<figcaption class='wp-caption-text gallery-caption' id='gallery-1-12533'>\n\t\t\t\tCol\u00b7lectivitats\n\t\t\t\t<\/figcaption><\/figure><figure class='gallery-item'>\n\t\t\t<div class='gallery-icon landscape'>\n\t\t\t\t<img loading=\"lazy\" decoding=\"async\" width=\"900\" height=\"500\" src=\"https:\/\/clrosquellas.com\/wp-content\/uploads\/2023\/05\/LotsdeNadal-1.jpg\" class=\"attachment-large size-large\" alt=\"\" aria-describedby=\"gallery-1-14270\" srcset=\"https:\/\/clrosquellas.com\/wp-content\/uploads\/2023\/05\/LotsdeNadal-1.jpg 900w, https:\/\/clrosquellas.com\/wp-content\/uploads\/2023\/05\/LotsdeNadal-1-300x167.jpg 300w, https:\/\/clrosquellas.com\/wp-content\/uploads\/2023\/05\/LotsdeNadal-1-768x427.jpg 768w\" sizes=\"auto, (max-width: 900px) 100vw, 900px\" \/>\n\t\t\t<\/div>\n\t\t\t\t<figcaption class='wp-caption-text gallery-caption' id='gallery-1-14270'>\n\t\t\t\tLots d&#8217;empresa\n\t\t\t\t<\/figcaption><\/figure>\n\t\t<\/div>\n\t\t<\/div>\n\t\t\t\t<\/div>\n\t\t\t\t<\/div>\n\t\t\t\t\t<\/div>\n\t\t<\/div>\n\t\t\t\t\t\t\t<\/div>\n\t\t<\/section>\n\t\t\t\t\t\t\t<\/div>\n\t\t","protected":false},"excerpt":{"rendered":"<p>Som distribu\u00efdors especialitzats en firmes reconegudes i de qualitat en el \u00e0mbit dels pernils, formatges i embotits. Experts en la distribuci\u00f3 treballem de manera capil\u00b7lar per servir de la forma mes eficient als professionals del canal horeca (hotels, restaurants, cafeteries), carnisseries, xarcuteries, botigues d\u2019alimentaci\u00f3, col\u00b7lectivitats, empreses, supermercats, etc. Tenim una forta implicaci\u00f3 en el m\u00f3n [&hellip;]<\/p>\n","protected":false},"author":1,"featured_media":0,"parent":0,"menu_order":0,"comment_status":"closed","ping_status":"closed","template":"template-home.php","meta":{"footnotes":""},"class_list":["post-12591","page","type-page","status-publish","hentry"],"yoast_head":"<!-- This site is optimized with the Yoast SEO plugin v20.8 - https:\/\/yoast.com\/wordpress\/plugins\/seo\/ -->\n<title>Comprar pernils a lengr\u00f2s barats<\/title>\n<meta name=\"description\" content=\"Descobreix la millor oferta per comprar pernils a lengr\u00f2s barats. Pernils de qualitat a preus imbatibles.\" \/>\n<meta name=\"robots\" content=\"index, follow, max-snippet:-1, max-image-preview:large, max-video-preview:-1\" \/>\n<link rel=\"canonical\" href=\"https:\/\/clrosquellas.com\/ca\/serveis\/\" \/>\n<meta property=\"og:locale\" content=\"ca_ES\" \/>\n<meta property=\"og:type\" content=\"article\" \/>\n<meta property=\"og:title\" content=\"Comprar pernils a lengr\u00f2s barats\" \/>\n<meta property=\"og:description\" content=\"Descobreix la millor oferta per comprar pernils a lengr\u00f2s barats. Pernils de qualitat a preus imbatibles.\" \/>\n<meta property=\"og:url\" content=\"https:\/\/clrosquellas.com\/ca\/serveis\/\" \/>\n<meta property=\"og:site_name\" content=\"Comercial Lluis Rosquellas S.L\" \/>\n<meta property=\"article:modified_time\" content=\"2023-06-27T06:35:08+00:00\" \/>\n<meta property=\"og:image\" content=\"http:\/\/clrosquellas.com\/wp-content\/uploads\/2021\/10\/restauracio.jpg\" \/>\n<meta name=\"twitter:card\" content=\"summary_large_image\" \/>\n<meta name=\"twitter:label1\" content=\"Temps estimat de lectura\" \/>\n\t<meta name=\"twitter:data1\" content=\"3 minuts\" \/>\n<script type=\"application\/ld+json\" class=\"yoast-schema-graph\">{\"@context\":\"https:\/\/schema.org\",\"@graph\":[{\"@type\":\"WebPage\",\"@id\":\"https:\/\/clrosquellas.com\/ca\/serveis\/\",\"url\":\"https:\/\/clrosquellas.com\/ca\/serveis\/\",\"name\":\"Comprar pernils a lengr\u00f2s barats\",\"isPartOf\":{\"@id\":\"https:\/\/clrosquellas.com\/ca\/#website\"},\"datePublished\":\"2023-05-10T07:34:26+00:00\",\"dateModified\":\"2023-06-27T06:35:08+00:00\",\"description\":\"Descobreix la millor oferta per comprar pernils a lengr\u00f2s barats. Pernils de qualitat a preus imbatibles.\",\"breadcrumb\":{\"@id\":\"https:\/\/clrosquellas.com\/ca\/serveis\/#breadcrumb\"},\"inLanguage\":\"ca\",\"potentialAction\":[{\"@type\":\"ReadAction\",\"target\":[\"https:\/\/clrosquellas.com\/ca\/serveis\/\"]}]},{\"@type\":\"BreadcrumbList\",\"@id\":\"https:\/\/clrosquellas.com\/ca\/serveis\/#breadcrumb\",\"itemListElement\":[{\"@type\":\"ListItem\",\"position\":1,\"name\":\"Inici\",\"item\":\"https:\/\/clrosquellas.com\/ca\/\"},{\"@type\":\"ListItem\",\"position\":2,\"name\":\"Els Nostres Serveis\"}]},{\"@type\":\"WebSite\",\"@id\":\"https:\/\/clrosquellas.com\/ca\/#website\",\"url\":\"https:\/\/clrosquellas.com\/ca\/\",\"name\":\"Comercial Lluis Rosquellas S.L\",\"description\":\"\",\"potentialAction\":[{\"@type\":\"SearchAction\",\"target\":{\"@type\":\"EntryPoint\",\"urlTemplate\":\"https:\/\/clrosquellas.com\/ca\/?s={search_term_string}\"},\"query-input\":\"required name=search_term_string\"}],\"inLanguage\":\"ca\"}]}<\/script>\n<!-- \/ Yoast SEO plugin. -->","yoast_head_json":{"title":"Comprar pernils a lengr\u00f2s barats","description":"Descobreix la millor oferta per comprar pernils a lengr\u00f2s barats. Pernils de qualitat a preus imbatibles.","robots":{"index":"index","follow":"follow","max-snippet":"max-snippet:-1","max-image-preview":"max-image-preview:large","max-video-preview":"max-video-preview:-1"},"canonical":"https:\/\/clrosquellas.com\/ca\/serveis\/","og_locale":"ca_ES","og_type":"article","og_title":"Comprar pernils a lengr\u00f2s barats","og_description":"Descobreix la millor oferta per comprar pernils a lengr\u00f2s barats. Pernils de qualitat a preus imbatibles.","og_url":"https:\/\/clrosquellas.com\/ca\/serveis\/","og_site_name":"Comercial Lluis Rosquellas S.L","article_modified_time":"2023-06-27T06:35:08+00:00","og_image":[{"url":"http:\/\/clrosquellas.com\/wp-content\/uploads\/2021\/10\/restauracio.jpg"}],"twitter_card":"summary_large_image","twitter_misc":{"Temps estimat de lectura":"3 minuts"},"schema":{"@context":"https:\/\/schema.org","@graph":[{"@type":"WebPage","@id":"https:\/\/clrosquellas.com\/ca\/serveis\/","url":"https:\/\/clrosquellas.com\/ca\/serveis\/","name":"Comprar pernils a lengr\u00f2s barats","isPartOf":{"@id":"https:\/\/clrosquellas.com\/ca\/#website"},"datePublished":"2023-05-10T07:34:26+00:00","dateModified":"2023-06-27T06:35:08+00:00","description":"Descobreix la millor oferta per comprar pernils a lengr\u00f2s barats. Pernils de qualitat a preus imbatibles.","breadcrumb":{"@id":"https:\/\/clrosquellas.com\/ca\/serveis\/#breadcrumb"},"inLanguage":"ca","potentialAction":[{"@type":"ReadAction","target":["https:\/\/clrosquellas.com\/ca\/serveis\/"]}]},{"@type":"BreadcrumbList","@id":"https:\/\/clrosquellas.com\/ca\/serveis\/#breadcrumb","itemListElement":[{"@type":"ListItem","position":1,"name":"Inici","item":"https:\/\/clrosquellas.com\/ca\/"},{"@type":"ListItem","position":2,"name":"Els Nostres Serveis"}]},{"@type":"WebSite","@id":"https:\/\/clrosquellas.com\/ca\/#website","url":"https:\/\/clrosquellas.com\/ca\/","name":"Comercial Lluis Rosquellas S.L","description":"","potentialAction":[{"@type":"SearchAction","target":{"@type":"EntryPoint","urlTemplate":"https:\/\/clrosquellas.com\/ca\/?s={search_term_string}"},"query-input":"required name=search_term_string"}],"inLanguage":"ca"}]}},"_links":{"self":[{"href":"https:\/\/clrosquellas.com\/ca\/wp-json\/wp\/v2\/pages\/12591","targetHints":{"allow":["GET"]}}],"collection":[{"href":"https:\/\/clrosquellas.com\/ca\/wp-json\/wp\/v2\/pages"}],"about":[{"href":"https:\/\/clrosquellas.com\/ca\/wp-json\/wp\/v2\/types\/page"}],"author":[{"embeddable":true,"href":"https:\/\/clrosquellas.com\/ca\/wp-json\/wp\/v2\/users\/1"}],"replies":[{"embeddable":true,"href":"https:\/\/clrosquellas.com\/ca\/wp-json\/wp\/v2\/comments?post=12591"}],"version-history":[{"count":74,"href":"https:\/\/clrosquellas.com\/ca\/wp-json\/wp\/v2\/pages\/12591\/revisions"}],"predecessor-version":[{"id":14604,"href":"https:\/\/clrosquellas.com\/ca\/wp-json\/wp\/v2\/pages\/12591\/revisions\/14604"}],"wp:attachment":[{"href":"https:\/\/clrosquellas.com\/ca\/wp-json\/wp\/v2\/media?parent=12591"}],"curies":[{"name":"wp","href":"https:\/\/api.w.org\/{rel}","templated":true}]}}