{"id":12588,"date":"2023-05-10T07:30:52","date_gmt":"2023-05-10T07:30:52","guid":{"rendered":"http:\/\/clrosquellas.com\/?page_id=12588"},"modified":"2025-11-01T10:42:31","modified_gmt":"2025-11-01T10:42:31","slug":"lots-de-nadal","status":"publish","type":"page","link":"https:\/\/clrosquellas.com\/ca\/lots-de-nadal\/","title":{"rendered":"Lots de Nadal"},"content":{"rendered":"\t\t<div data-elementor-type=\"wp-page\" data-elementor-id=\"12588\" class=\"elementor elementor-12588\">\n\t\t\t\t\t\t\t\t\t<section class=\"elementor-section elementor-top-section elementor-element elementor-element-525631a elementor-section-full_width elementor-section-height-default elementor-section-height-default\" data-id=\"525631a\" data-element_type=\"section\">\n\t\t\t\t\t\t<div class=\"elementor-container elementor-column-gap-default\">\n\t\t\t\t\t<div class=\"elementor-column elementor-col-100 elementor-top-column elementor-element elementor-element-42fec34\" data-id=\"42fec34\" data-element_type=\"column\">\n\t\t\t<div class=\"elementor-widget-wrap elementor-element-populated\">\n\t\t\t\t\t\t\t\t<div class=\"elementor-element elementor-element-a3e5fd3 elementor-widget elementor-widget-image\" data-id=\"a3e5fd3\" data-element_type=\"widget\" data-widget_type=\"image.default\">\n\t\t\t\t<div class=\"elementor-widget-container\">\n\t\t\t<style>\/*! elementor - v3.13.2 - 11-05-2023 *\/\n.elementor-widget-image{text-align:center}.elementor-widget-image a{display:inline-block}.elementor-widget-image a img[src$=\".svg\"]{width:48px}.elementor-widget-image img{vertical-align:middle;display:inline-block}<\/style>\t\t\t\t\t\t\t\t\t\t\t\t<img loading=\"lazy\" decoding=\"async\" width=\"1024\" height=\"441\" src=\"https:\/\/clrosquellas.com\/wp-content\/uploads\/2023\/05\/LOTS-NADAL-02-1-1024x441.jpg\" class=\"attachment-large size-large wp-image-13128\" alt=\"\" srcset=\"https:\/\/clrosquellas.com\/wp-content\/uploads\/2023\/05\/LOTS-NADAL-02-1-1024x441.jpg 1024w, https:\/\/clrosquellas.com\/wp-content\/uploads\/2023\/05\/LOTS-NADAL-02-1-300x129.jpg 300w, https:\/\/clrosquellas.com\/wp-content\/uploads\/2023\/05\/LOTS-NADAL-02-1-768x330.jpg 768w, https:\/\/clrosquellas.com\/wp-content\/uploads\/2023\/05\/LOTS-NADAL-02-1-1536x661.jpg 1536w, https:\/\/clrosquellas.com\/wp-content\/uploads\/2023\/05\/LOTS-NADAL-02-1.jpg 1722w\" sizes=\"auto, (max-width: 1024px) 100vw, 1024px\" \/>\t\t\t\t\t\t\t\t\t\t\t\t\t\t\t<\/div>\n\t\t\t\t<\/div>\n\t\t\t\t\t<\/div>\n\t\t<\/div>\n\t\t\t\t\t\t\t<\/div>\n\t\t<\/section>\n\t\t\t\t<section class=\"elementor-section elementor-top-section elementor-element elementor-element-27eb941 elementor-section-boxed elementor-section-height-default elementor-section-height-default\" data-id=\"27eb941\" data-element_type=\"section\">\n\t\t\t\t\t\t<div class=\"elementor-container elementor-column-gap-default\">\n\t\t\t\t\t<div class=\"elementor-column elementor-col-100 elementor-top-column elementor-element elementor-element-aa1499b\" data-id=\"aa1499b\" data-element_type=\"column\">\n\t\t\t<div class=\"elementor-widget-wrap elementor-element-populated\">\n\t\t\t\t\t\t\t\t<div class=\"elementor-element elementor-element-962473c elementor-button-danger elementor-align-center elementor-widget elementor-widget-button\" data-id=\"962473c\" data-element_type=\"widget\" data-widget_type=\"button.default\">\n\t\t\t\t<div class=\"elementor-widget-container\">\n\t\t\t\t\t<div class=\"elementor-button-wrapper\">\n\t\t\t<a href=\"https:\/\/clrosquellas.com\/wp-content\/uploads\/2024\/07\/CATALEG-CLR-NADAL-2025-web.pdf\" class=\"elementor-button-link elementor-button elementor-size-lg\" role=\"button\">\n\t\t\t\t\t\t<span class=\"elementor-button-content-wrapper\">\n\t\t\t\t\t\t<span class=\"elementor-button-text\">DESCARREGA CATALEG LOTS NADAL 2025<\/span>\n\t\t<\/span>\n\t\t\t\t\t<\/a>\n\t\t<\/div>\n\t\t\t\t<\/div>\n\t\t\t\t<\/div>\n\t\t\t\t<div class=\"elementor-element elementor-element-a2c676c poket-star-rating--align-center elementor-widget elementor-widget-witr_section_feature\" data-id=\"a2c676c\" data-element_type=\"widget\" data-widget_type=\"witr_section_feature.default\">\n\t\t\t\t<div class=\"elementor-widget-container\">\n\t\t\t\t\t\t<div class=\"sub-item sub-item-8 all_feature_color  text-left \">\n\t\t\t\t<!-- icon -->\n\t\t\t\t\t\t\t\t<!-- custom icon -->\n\t\t\t\t\t\t\t\t\n\t\t\t\t<!-- image -->\n\t\t\t\t\t\t\t\t<!-- title -->\n\t\t\t\t\t\t\t\t<!-- content -->\n\t\t\t\t\t\t\t\t\t<p>A C.L.ROSQUELLAS estem enfocats en que el regal d\u2019empresa sigui una cosa molt especial. <br><br>\nEspecialitzats sobretot en empreses i oferint moltes combinacions de lots, pernils, espatlles, formatges, embotits, begudes, productes de nadal...<br><br>\nGracies a l\u2019experi\u00e8ncia com a distribu\u00efdors en el exigent m\u00f3n de l\u2019alimentaci\u00f3 coneixem a la perfecci\u00f3 la qualitat dels productes que treballem durant tot l\u2019any que son els mateixos que seleccionem per el vostre lot. <br><br>\n\u00das assessorem, personalitzem, \u00fas ajudem a triar i a remenar i ens adaptem a les vostres necessitats per fer que el lot\/regal, no  nomes que impacti, sin\u00f3 que sobretot agradi!\n <\/p>\t\t\n\t\t\t\t\t\t\t\t<!-- button -->\n\t\t\t\t\t\t\t\t\n\t\t\t<\/div> <!-- sub item -->\t\t\n\t\t\t\t<\/div>\n\t\t\t\t<\/div>\n\t\t\t\t<div class=\"elementor-element elementor-element-a23ab2b elementor-widget__width-auto elementor-align-center elementor-widget elementor-widget-button\" data-id=\"a23ab2b\" data-element_type=\"widget\" data-widget_type=\"button.default\">\n\t\t\t\t<div class=\"elementor-widget-container\">\n\t\t\t\t\t<div class=\"elementor-button-wrapper\">\n\t\t\t<a href=\"https:\/\/clrosquellas.com\/ca\/contacte\/\" class=\"elementor-button-link elementor-button elementor-size-lg\" role=\"button\">\n\t\t\t\t\t\t<span class=\"elementor-button-content-wrapper\">\n\t\t\t\t\t\t<span class=\"elementor-button-text\">Contacta'ns<\/span>\n\t\t<\/span>\n\t\t\t\t\t<\/a>\n\t\t<\/div>\n\t\t\t\t<\/div>\n\t\t\t\t<\/div>\n\t\t\t\t\t<\/div>\n\t\t<\/div>\n\t\t\t\t\t\t\t<\/div>\n\t\t<\/section>\n\t\t\t\t\t\t\t<\/div>\n\t\t","protected":false},"excerpt":{"rendered":"<p>DESCARREGA CATALEG LOTS NADAL 2025 A C.L.ROSQUELLAS estem enfocats en que el regal d\u2019empresa sigui una cosa molt especial. Especialitzats sobretot en empreses i oferint moltes combinacions de lots, pernils, espatlles, formatges, embotits, begudes, productes de nadal&#8230; Gracies a l\u2019experi\u00e8ncia com a distribu\u00efdors en el exigent m\u00f3n de l\u2019alimentaci\u00f3 coneixem a la perfecci\u00f3 la qualitat [&hellip;]<\/p>\n","protected":false},"author":1,"featured_media":0,"parent":0,"menu_order":0,"comment_status":"closed","ping_status":"closed","template":"template-home.php","meta":{"footnotes":""},"class_list":["post-12588","page","type-page","status-publish","hentry"],"yoast_head":"<!-- This site is optimized with the Yoast SEO plugin v20.8 - https:\/\/yoast.com\/wordpress\/plugins\/seo\/ -->\n<title>Lots i cistelles de Nadal per a empreses<\/title>\n<meta name=\"description\" content=\"Descobreix la nostra \u00e0mplia selecci\u00f3 de lots i cistelles de Nadal especialment dissenyats per a empreses.\" \/>\n<meta name=\"robots\" content=\"index, follow, max-snippet:-1, max-image-preview:large, max-video-preview:-1\" \/>\n<link rel=\"canonical\" href=\"https:\/\/clrosquellas.com\/ca\/lots-de-nadal\/\" \/>\n<meta property=\"og:locale\" content=\"ca_ES\" \/>\n<meta property=\"og:type\" content=\"article\" \/>\n<meta property=\"og:title\" content=\"Lots i cistelles de Nadal per a empreses\" \/>\n<meta property=\"og:description\" content=\"Descobreix la nostra \u00e0mplia selecci\u00f3 de lots i cistelles de Nadal especialment dissenyats per a empreses.\" \/>\n<meta property=\"og:url\" content=\"https:\/\/clrosquellas.com\/ca\/lots-de-nadal\/\" \/>\n<meta property=\"og:site_name\" content=\"Comercial Lluis Rosquellas S.L\" \/>\n<meta property=\"article:modified_time\" content=\"2025-11-01T10:42:31+00:00\" \/>\n<meta property=\"og:image\" content=\"https:\/\/clrosquellas.com\/wp-content\/uploads\/2023\/05\/LOTS-NADAL-02-1-1024x441.jpg\" \/>\n<meta name=\"twitter:card\" content=\"summary_large_image\" \/>\n<meta name=\"twitter:label1\" content=\"Temps estimat de lectura\" \/>\n\t<meta name=\"twitter:data1\" content=\"1 minut\" \/>\n<script type=\"application\/ld+json\" class=\"yoast-schema-graph\">{\"@context\":\"https:\/\/schema.org\",\"@graph\":[{\"@type\":\"WebPage\",\"@id\":\"https:\/\/clrosquellas.com\/ca\/lots-de-nadal\/\",\"url\":\"https:\/\/clrosquellas.com\/ca\/lots-de-nadal\/\",\"name\":\"Lots i cistelles de Nadal per a empreses\",\"isPartOf\":{\"@id\":\"https:\/\/clrosquellas.com\/ca\/#website\"},\"datePublished\":\"2023-05-10T07:30:52+00:00\",\"dateModified\":\"2025-11-01T10:42:31+00:00\",\"description\":\"Descobreix la nostra \u00e0mplia selecci\u00f3 de lots i cistelles de Nadal especialment dissenyats per a empreses.\",\"breadcrumb\":{\"@id\":\"https:\/\/clrosquellas.com\/ca\/lots-de-nadal\/#breadcrumb\"},\"inLanguage\":\"ca\",\"potentialAction\":[{\"@type\":\"ReadAction\",\"target\":[\"https:\/\/clrosquellas.com\/ca\/lots-de-nadal\/\"]}]},{\"@type\":\"BreadcrumbList\",\"@id\":\"https:\/\/clrosquellas.com\/ca\/lots-de-nadal\/#breadcrumb\",\"itemListElement\":[{\"@type\":\"ListItem\",\"position\":1,\"name\":\"Inici\",\"item\":\"https:\/\/clrosquellas.com\/ca\/\"},{\"@type\":\"ListItem\",\"position\":2,\"name\":\"Lots de Nadal\"}]},{\"@type\":\"WebSite\",\"@id\":\"https:\/\/clrosquellas.com\/ca\/#website\",\"url\":\"https:\/\/clrosquellas.com\/ca\/\",\"name\":\"Comercial Lluis Rosquellas S.L\",\"description\":\"\",\"potentialAction\":[{\"@type\":\"SearchAction\",\"target\":{\"@type\":\"EntryPoint\",\"urlTemplate\":\"https:\/\/clrosquellas.com\/ca\/?s={search_term_string}\"},\"query-input\":\"required name=search_term_string\"}],\"inLanguage\":\"ca\"}]}<\/script>\n<!-- \/ Yoast SEO plugin. -->","yoast_head_json":{"title":"Lots i cistelles de Nadal per a empreses","description":"Descobreix la nostra \u00e0mplia selecci\u00f3 de lots i cistelles de Nadal especialment dissenyats per a empreses.","robots":{"index":"index","follow":"follow","max-snippet":"max-snippet:-1","max-image-preview":"max-image-preview:large","max-video-preview":"max-video-preview:-1"},"canonical":"https:\/\/clrosquellas.com\/ca\/lots-de-nadal\/","og_locale":"ca_ES","og_type":"article","og_title":"Lots i cistelles de Nadal per a empreses","og_description":"Descobreix la nostra \u00e0mplia selecci\u00f3 de lots i cistelles de Nadal especialment dissenyats per a empreses.","og_url":"https:\/\/clrosquellas.com\/ca\/lots-de-nadal\/","og_site_name":"Comercial Lluis Rosquellas S.L","article_modified_time":"2025-11-01T10:42:31+00:00","og_image":[{"url":"https:\/\/clrosquellas.com\/wp-content\/uploads\/2023\/05\/LOTS-NADAL-02-1-1024x441.jpg"}],"twitter_card":"summary_large_image","twitter_misc":{"Temps estimat de lectura":"1 minut"},"schema":{"@context":"https:\/\/schema.org","@graph":[{"@type":"WebPage","@id":"https:\/\/clrosquellas.com\/ca\/lots-de-nadal\/","url":"https:\/\/clrosquellas.com\/ca\/lots-de-nadal\/","name":"Lots i cistelles de Nadal per a empreses","isPartOf":{"@id":"https:\/\/clrosquellas.com\/ca\/#website"},"datePublished":"2023-05-10T07:30:52+00:00","dateModified":"2025-11-01T10:42:31+00:00","description":"Descobreix la nostra \u00e0mplia selecci\u00f3 de lots i cistelles de Nadal especialment dissenyats per a empreses.","breadcrumb":{"@id":"https:\/\/clrosquellas.com\/ca\/lots-de-nadal\/#breadcrumb"},"inLanguage":"ca","potentialAction":[{"@type":"ReadAction","target":["https:\/\/clrosquellas.com\/ca\/lots-de-nadal\/"]}]},{"@type":"BreadcrumbList","@id":"https:\/\/clrosquellas.com\/ca\/lots-de-nadal\/#breadcrumb","itemListElement":[{"@type":"ListItem","position":1,"name":"Inici","item":"https:\/\/clrosquellas.com\/ca\/"},{"@type":"ListItem","position":2,"name":"Lots de Nadal"}]},{"@type":"WebSite","@id":"https:\/\/clrosquellas.com\/ca\/#website","url":"https:\/\/clrosquellas.com\/ca\/","name":"Comercial Lluis Rosquellas S.L","description":"","potentialAction":[{"@type":"SearchAction","target":{"@type":"EntryPoint","urlTemplate":"https:\/\/clrosquellas.com\/ca\/?s={search_term_string}"},"query-input":"required name=search_term_string"}],"inLanguage":"ca"}]}},"_links":{"self":[{"href":"https:\/\/clrosquellas.com\/ca\/wp-json\/wp\/v2\/pages\/12588","targetHints":{"allow":["GET"]}}],"collection":[{"href":"https:\/\/clrosquellas.com\/ca\/wp-json\/wp\/v2\/pages"}],"about":[{"href":"https:\/\/clrosquellas.com\/ca\/wp-json\/wp\/v2\/types\/page"}],"author":[{"embeddable":true,"href":"https:\/\/clrosquellas.com\/ca\/wp-json\/wp\/v2\/users\/1"}],"replies":[{"embeddable":true,"href":"https:\/\/clrosquellas.com\/ca\/wp-json\/wp\/v2\/comments?post=12588"}],"version-history":[{"count":144,"href":"https:\/\/clrosquellas.com\/ca\/wp-json\/wp\/v2\/pages\/12588\/revisions"}],"predecessor-version":[{"id":15389,"href":"https:\/\/clrosquellas.com\/ca\/wp-json\/wp\/v2\/pages\/12588\/revisions\/15389"}],"wp:attachment":[{"href":"https:\/\/clrosquellas.com\/ca\/wp-json\/wp\/v2\/media?parent=12588"}],"curies":[{"name":"wp","href":"https:\/\/api.w.org\/{rel}","templated":true}]}}